{"id":1104,"date":"2025-04-08T00:16:34","date_gmt":"2025-04-07T22:16:34","guid":{"rendered":"https:\/\/lamariniere.be\/?page_id=1104"},"modified":"2025-04-08T00:20:22","modified_gmt":"2025-04-07T22:20:22","slug":"psychomotricite","status":"publish","type":"page","link":"https:\/\/lamariniere.be\/index.php\/psychomotricite\/","title":{"rendered":"Psychomotricit\u00e9"},"content":{"rendered":"\t\t<div data-elementor-type=\"wp-page\" data-elementor-id=\"1104\" class=\"elementor elementor-1104\">\n\t\t\t\t<div class=\"elementor-element elementor-element-2a57798a e-flex e-con-boxed e-con e-parent\" data-id=\"2a57798a\" data-element_type=\"container\">\n\t\t\t\t\t<div class=\"e-con-inner\">\n\t\t\t\t<div class=\"elementor-element elementor-element-e596f72 elementor-widget elementor-widget-spacer\" data-id=\"e596f72\" data-element_type=\"widget\" data-widget_type=\"spacer.default\">\n\t\t\t\t<div class=\"elementor-widget-container\">\n\t\t\t\t\t\t\t<div class=\"elementor-spacer\">\n\t\t\t<div class=\"elementor-spacer-inner\"><\/div>\n\t\t<\/div>\n\t\t\t\t\t\t<\/div>\n\t\t\t\t<\/div>\n\t\t\t\t\t<\/div>\n\t\t\t\t<\/div>\n\t\t<div class=\"elementor-element elementor-element-1725dc5e e-flex e-con-boxed e-con e-parent\" data-id=\"1725dc5e\" data-element_type=\"container\">\n\t\t\t\t\t<div class=\"e-con-inner\">\n\t\t\t\t<div class=\"elementor-element elementor-element-30800f08 elementor-widget elementor-widget-heading\" data-id=\"30800f08\" data-element_type=\"widget\" data-widget_type=\"heading.default\">\n\t\t\t\t<div class=\"elementor-widget-container\">\n\t\t\t\t\t<h2 class=\"elementor-heading-title elementor-size-default\">La psychomotricit\u00e9<\/h2>\t\t\t\t<\/div>\n\t\t\t\t<\/div>\n\t\t\t\t\t<\/div>\n\t\t\t\t<\/div>\n\t\t<div class=\"elementor-element elementor-element-7465251d e-flex e-con-boxed e-con e-parent\" data-id=\"7465251d\" data-element_type=\"container\">\n\t\t\t\t\t<div class=\"e-con-inner\">\n\t\t<div class=\"elementor-element elementor-element-58bb27a6 e-con-full e-flex e-con e-child\" data-id=\"58bb27a6\" data-element_type=\"container\">\n\t\t\t\t<\/div>\n\t\t<div class=\"elementor-element elementor-element-19c4a05a e-con-full e-flex e-con e-child\" data-id=\"19c4a05a\" data-element_type=\"container\">\n\t\t\t\t<div class=\"elementor-element elementor-element-195c5794 elementor-widget elementor-widget-image\" data-id=\"195c5794\" data-element_type=\"widget\" data-widget_type=\"image.default\">\n\t\t\t\t<div class=\"elementor-widget-container\">\n\t\t\t\t\t\t\t\t\t\t\t\t\t\t\t<img fetchpriority=\"high\" decoding=\"async\" width=\"1024\" height=\"1024\" src=\"https:\/\/lamariniere.be\/wp-content\/uploads\/2025\/01\/close-up-kid-playing-indoors-scaled-e1740406377291-1024x1024.jpg\" class=\"attachment-large size-large wp-image-617\" alt=\"\" srcset=\"https:\/\/lamariniere.be\/wp-content\/uploads\/2025\/01\/close-up-kid-playing-indoors-scaled-e1740406377291-1024x1024.jpg 1024w, https:\/\/lamariniere.be\/wp-content\/uploads\/2025\/01\/close-up-kid-playing-indoors-scaled-e1740406377291-300x300.jpg 300w, https:\/\/lamariniere.be\/wp-content\/uploads\/2025\/01\/close-up-kid-playing-indoors-scaled-e1740406377291-150x150.jpg 150w, https:\/\/lamariniere.be\/wp-content\/uploads\/2025\/01\/close-up-kid-playing-indoors-scaled-e1740406377291-768x768.jpg 768w, https:\/\/lamariniere.be\/wp-content\/uploads\/2025\/01\/close-up-kid-playing-indoors-scaled-e1740406377291-1536x1536.jpg 1536w, https:\/\/lamariniere.be\/wp-content\/uploads\/2025\/01\/close-up-kid-playing-indoors-scaled-e1740406377291-160x160.jpg 160w, https:\/\/lamariniere.be\/wp-content\/uploads\/2025\/01\/close-up-kid-playing-indoors-scaled-e1740406377291.jpg 1707w\" sizes=\"(max-width: 1024px) 100vw, 1024px\" \/>\t\t\t\t\t\t\t\t\t\t\t\t\t\t\t<\/div>\n\t\t\t\t<\/div>\n\t\t\t\t<\/div>\n\t\t<div class=\"elementor-element elementor-element-7bb234ca e-con-full e-flex e-con e-child\" data-id=\"7bb234ca\" data-element_type=\"container\">\n\t\t\t\t<\/div>\n\t\t\t\t\t<\/div>\n\t\t\t\t<\/div>\n\t\t<div class=\"elementor-element elementor-element-3a25bd83 e-flex e-con-boxed e-con e-parent\" data-id=\"3a25bd83\" data-element_type=\"container\">\n\t\t\t\t\t<div class=\"e-con-inner\">\n\t\t\t\t<div class=\"elementor-element elementor-element-1f3e51b9 elementor-widget elementor-widget-text-editor\" data-id=\"1f3e51b9\" data-element_type=\"widget\" data-widget_type=\"text-editor.default\">\n\t\t\t\t<div class=\"elementor-widget-container\">\n\t\t\t\t\t\t\t\t\t<p data-pm-slice=\"1 1 []\">Au sein de notre centre de sant\u00e9, la psychomotricit\u00e9 est une approche th\u00e9rapeutique globale qui aide petits et grands \u00e0 retrouver un \u00e9quilibre entre leurs \u00e9motions, leurs mouvements et leur rapport au monde. Notre psychomotricien(ne) vous accueille avec bienveillance pour un accompagnement personnalis\u00e9 et respectueux de votre rythme.<\/p><p data-pm-slice=\"1 1 []\">\u00a0<\/p><p><!-- \/wp:paragraph --><!-- wp:heading {\"level\":3} --><\/p>\t\t\t\t\t\t\t\t<\/div>\n\t\t\t\t<\/div>\n\t\t\t\t\t<\/div>\n\t\t\t\t<\/div>\n\t\t<div class=\"elementor-element elementor-element-42b37ffe e-con-full e-flex e-con e-parent\" data-id=\"42b37ffe\" data-element_type=\"container\" data-settings=\"{&quot;background_background&quot;:&quot;classic&quot;}\">\n\t\t\t\t<div class=\"elementor-element elementor-element-625a7f80 elementor-widget elementor-widget-text-editor\" data-id=\"625a7f80\" data-element_type=\"widget\" data-widget_type=\"text-editor.default\">\n\t\t\t\t<div class=\"elementor-widget-container\">\n\t\t\t\t\t\t\t\t\t<h3 data-pm-slice=\"1 1 []\"><strong>Qu&rsquo;est-ce que la psychomotricit\u00e9 ?<\/strong><\/h3><p>\u00a0<\/p><p>La psychomotricit\u00e9 s&rsquo;adresse \u00e0 toute personne pr\u00e9sentant des difficult\u00e9s dans sa mani\u00e8re de bouger, d&rsquo;interagir, de ressentir ou de se situer dans l&rsquo;espace et dans le temps. Elle agit sur le corps pour aider \u00e0 mieux comprendre et g\u00e9rer ses \u00e9motions, son comportement ou ses apprentissages.<\/p><h5>\u00a0<\/h5><h5>\u00a0<\/h5><h5><strong>Pour qui ?<\/strong><\/h5><ul data-spread=\"false\"><li><p>Enfants (retards de d\u00e9veloppement, troubles de l&rsquo;attention, troubles des apprentissages, hyperactivit\u00e9&#8230;)<\/p><\/li><li><p>Adolescents (gestion des \u00e9motions, mal-\u00eatre corporel, anxi\u00e9t\u00e9&#8230;)<\/p><\/li><li><p>Adultes (stress, troubles psychosomatiques, troubles moteurs ou relationnels&#8230;)<\/p><\/li><li><p>Seniors (troubles de l&rsquo;\u00e9quilibre, pr\u00e9vention de la perte d&rsquo;autonomie)<\/p><\/li><\/ul><p>\u00a0<\/p><p><!-- \/wp:paragraph --><\/p>\t\t\t\t\t\t\t\t<\/div>\n\t\t\t\t<\/div>\n\t\t\t\t<\/div>\n\t\t<div class=\"elementor-element elementor-element-415e91d2 e-flex e-con-boxed e-con e-parent\" data-id=\"415e91d2\" data-element_type=\"container\">\n\t\t\t\t\t<div class=\"e-con-inner\">\n\t\t\t\t<div class=\"elementor-element elementor-element-faf2be3 elementor-widget elementor-widget-spacer\" data-id=\"faf2be3\" data-element_type=\"widget\" data-widget_type=\"spacer.default\">\n\t\t\t\t<div class=\"elementor-widget-container\">\n\t\t\t\t\t\t\t<div class=\"elementor-spacer\">\n\t\t\t<div class=\"elementor-spacer-inner\"><\/div>\n\t\t<\/div>\n\t\t\t\t\t\t<\/div>\n\t\t\t\t<\/div>\n\t\t\t\t\t<\/div>\n\t\t\t\t<\/div>\n\t\t<div class=\"elementor-element elementor-element-3351a287 e-flex e-con-boxed e-con e-parent\" data-id=\"3351a287\" data-element_type=\"container\">\n\t\t\t\t\t<div class=\"e-con-inner\">\n\t\t\t\t<div class=\"elementor-element elementor-element-2cc96d83 elementor-widget elementor-widget-text-editor\" data-id=\"2cc96d83\" data-element_type=\"widget\" data-widget_type=\"text-editor.default\">\n\t\t\t\t<div class=\"elementor-widget-container\">\n\t\t\t\t\t\t\t\t\t<h3 data-pm-slice=\"1 1 []\"><strong>Quels sont les objectifs ?<\/strong><\/h3><p>\u00a0<\/p><ul data-spread=\"false\"><li>Am\u00e9liorer la coordination et la motricit\u00e9 globale et fine<\/li><li><p>Favoriser la concentration et la gestion des \u00e9motions<\/p><\/li><li><p>Renforcer la confiance en soi et l&rsquo;estime de soi<\/p><\/li><li><p>Apaiser les tensions corporelles et psychiques<\/p><\/li><\/ul><p>\u00a0<\/p><p>\u00a0<\/p><ul class=\"wp-block-list\"><!-- \/wp:list-item --><\/ul><p><!-- \/wp:list --><\/p>\t\t\t\t\t\t\t\t<\/div>\n\t\t\t\t<\/div>\n\t\t\t\t\t<\/div>\n\t\t\t\t<\/div>\n\t\t<div class=\"elementor-element elementor-element-52b37292 e-flex e-con-boxed e-con e-parent\" data-id=\"52b37292\" data-element_type=\"container\" data-settings=\"{&quot;background_background&quot;:&quot;classic&quot;}\">\n\t\t\t\t\t<div class=\"e-con-inner\">\n\t\t\t\t<div class=\"elementor-element elementor-element-6fa6e427 elementor-widget elementor-widget-text-editor\" data-id=\"6fa6e427\" data-element_type=\"widget\" data-widget_type=\"text-editor.default\">\n\t\t\t\t<div class=\"elementor-widget-container\">\n\t\t\t\t\t\t\t\t\t<h3 data-pm-slice=\"1 1 []\"><strong>Une approche ludique, douce et adapt\u00e9e<\/strong><\/h3><p>\u00a0<\/p><p>Les s\u00e9ances se d\u00e9roulent dans un cadre s\u00e9curisant, au travers d&rsquo;activit\u00e9s corporelles, de jeux, de relaxation ou d&rsquo;exercices sensoriels. L&rsquo;accompagnement est toujours personnalis\u00e9, dans le respect des besoins et des possibilit\u00e9s de chacun.<\/p><p>Prenez rendez-vous pour un premier bilan et entamez un accompagnement en douceur vers un mieux-\u00eatre corporel et psychique.<\/p><p>\u00a0<\/p><p><!-- \/wp:paragraph --><\/p>\t\t\t\t\t\t\t\t<\/div>\n\t\t\t\t<\/div>\n\t\t\t\t\t<\/div>\n\t\t\t\t<\/div>\n\t\t<div class=\"elementor-element elementor-element-291c908 e-flex e-con-boxed e-con e-parent\" data-id=\"291c908\" data-element_type=\"container\">\n\t\t\t\t\t<div class=\"e-con-inner\">\n\t\t\t\t<div class=\"elementor-element elementor-element-7244dced elementor-widget elementor-widget-spacer\" data-id=\"7244dced\" data-element_type=\"widget\" data-widget_type=\"spacer.default\">\n\t\t\t\t<div class=\"elementor-widget-container\">\n\t\t\t\t\t\t\t<div class=\"elementor-spacer\">\n\t\t\t<div class=\"elementor-spacer-inner\"><\/div>\n\t\t<\/div>\n\t\t\t\t\t\t<\/div>\n\t\t\t\t<\/div>\n\t\t\t\t\t<\/div>\n\t\t\t\t<\/div>\n\t\t<div class=\"elementor-element elementor-element-32aba2a7 e-grid e-con-boxed e-con e-parent\" data-id=\"32aba2a7\" data-element_type=\"container\">\n\t\t\t\t\t<div class=\"e-con-inner\">\n\t\t\t\t<div class=\"elementor-element elementor-element-3e6bc769 elementor-widget elementor-widget-image\" data-id=\"3e6bc769\" data-element_type=\"widget\" data-widget_type=\"image.default\">\n\t\t\t\t<div class=\"elementor-widget-container\">\n\t\t\t\t\t\t\t\t\t\t\t\t\t\t\t<img decoding=\"async\" width=\"1024\" height=\"1024\" src=\"https:\/\/lamariniere.be\/wp-content\/uploads\/2024\/09\/IMG_3260-1024x1024.jpeg\" class=\"attachment-large size-large wp-image-545\" alt=\"\" srcset=\"https:\/\/lamariniere.be\/wp-content\/uploads\/2024\/09\/IMG_3260-1024x1024.jpeg 1024w, https:\/\/lamariniere.be\/wp-content\/uploads\/2024\/09\/IMG_3260-300x300.jpeg 300w, https:\/\/lamariniere.be\/wp-content\/uploads\/2024\/09\/IMG_3260-150x150.jpeg 150w, https:\/\/lamariniere.be\/wp-content\/uploads\/2024\/09\/IMG_3260-768x768.jpeg 768w, https:\/\/lamariniere.be\/wp-content\/uploads\/2024\/09\/IMG_3260-160x160.jpeg 160w, https:\/\/lamariniere.be\/wp-content\/uploads\/2024\/09\/IMG_3260.jpeg 1080w\" sizes=\"(max-width: 1024px) 100vw, 1024px\" \/>\t\t\t\t\t\t\t\t\t\t\t\t\t\t\t<\/div>\n\t\t\t\t<\/div>\n\t\t\t\t<div class=\"elementor-element elementor-element-7a09d1b elementor-widget elementor-widget-image\" data-id=\"7a09d1b\" data-element_type=\"widget\" data-widget_type=\"image.default\">\n\t\t\t\t<div class=\"elementor-widget-container\">\n\t\t\t\t\t\t\t\t\t\t\t\t\t\t\t<img decoding=\"async\" width=\"1024\" height=\"1024\" src=\"https:\/\/lamariniere.be\/wp-content\/uploads\/2024\/09\/Post-instagram-nouveau-Studio-moderne-minimaliste-jaune-noir-blanc-8-1024x1024.png\" class=\"attachment-large size-large wp-image-537\" alt=\"\" srcset=\"https:\/\/lamariniere.be\/wp-content\/uploads\/2024\/09\/Post-instagram-nouveau-Studio-moderne-minimaliste-jaune-noir-blanc-8-1024x1024.png 1024w, https:\/\/lamariniere.be\/wp-content\/uploads\/2024\/09\/Post-instagram-nouveau-Studio-moderne-minimaliste-jaune-noir-blanc-8-300x300.png 300w, https:\/\/lamariniere.be\/wp-content\/uploads\/2024\/09\/Post-instagram-nouveau-Studio-moderne-minimaliste-jaune-noir-blanc-8-150x150.png 150w, https:\/\/lamariniere.be\/wp-content\/uploads\/2024\/09\/Post-instagram-nouveau-Studio-moderne-minimaliste-jaune-noir-blanc-8-768x768.png 768w, https:\/\/lamariniere.be\/wp-content\/uploads\/2024\/09\/Post-instagram-nouveau-Studio-moderne-minimaliste-jaune-noir-blanc-8-160x160.png 160w, https:\/\/lamariniere.be\/wp-content\/uploads\/2024\/09\/Post-instagram-nouveau-Studio-moderne-minimaliste-jaune-noir-blanc-8.png 1080w\" sizes=\"(max-width: 1024px) 100vw, 1024px\" \/>\t\t\t\t\t\t\t\t\t\t\t\t\t\t\t<\/div>\n\t\t\t\t<\/div>\n\t\t\t\t\t<\/div>\n\t\t\t\t<\/div>\n\t\t<div class=\"elementor-element elementor-element-2c327c33 e-grid e-con-boxed e-con e-parent\" data-id=\"2c327c33\" data-element_type=\"container\">\n\t\t\t\t\t<div class=\"e-con-inner\">\n\t\t\t\t<div class=\"elementor-element elementor-element-2e9a3957 elementor-widget elementor-widget-text-editor\" data-id=\"2e9a3957\" data-element_type=\"widget\" data-widget_type=\"text-editor.default\">\n\t\t\t\t<div class=\"elementor-widget-container\">\n\t\t\t\t\t\t\t\t\t<p><a href=\"https:\/\/lamariniere.be\/index.php\/nathalie\/\" data-type=\"page\" data-id=\"313\">Nathalie GUEUR<\/a><\/p>\t\t\t\t\t\t\t\t<\/div>\n\t\t\t\t<\/div>\n\t\t\t\t<div class=\"elementor-element elementor-element-6ed37c1 elementor-widget elementor-widget-text-editor\" data-id=\"6ed37c1\" data-element_type=\"widget\" data-widget_type=\"text-editor.default\">\n\t\t\t\t<div class=\"elementor-widget-container\">\n\t\t\t\t\t\t\t\t\t<p><a href=\"https:\/\/lamariniere.be\/index.php\/mathilde-bodart\/\" data-type=\"page\" data-id=\"458\">Mathilde BODART<\/a><\/p>\t\t\t\t\t\t\t\t<\/div>\n\t\t\t\t<\/div>\n\t\t\t\t\t<\/div>\n\t\t\t\t<\/div>\n\t\t<div class=\"elementor-element elementor-element-7ca5f001 e-grid e-con-boxed e-con e-parent\" data-id=\"7ca5f001\" data-element_type=\"container\">\n\t\t\t\t\t<div class=\"e-con-inner\">\n\t\t\t\t<div class=\"elementor-element elementor-element-4832271e elementor-align-center elementor-widget elementor-widget-button\" data-id=\"4832271e\" data-element_type=\"widget\" data-widget_type=\"button.default\">\n\t\t\t\t<div class=\"elementor-widget-container\">\n\t\t\t\t\t\t\t\t\t<div class=\"elementor-button-wrapper\">\n\t\t\t\t\t<a class=\"elementor-button elementor-button-link elementor-size-sm\" href=\"https:\/\/rosa.be\/fr\/hp\/nathalide-gueur\/\">\n\t\t\t\t\t\t<span class=\"elementor-button-content-wrapper\">\n\t\t\t\t\t\t\t\t\t<span class=\"elementor-button-text\">Prendre rendez-vous<\/span>\n\t\t\t\t\t<\/span>\n\t\t\t\t\t<\/a>\n\t\t\t\t<\/div>\n\t\t\t\t\t\t\t\t<\/div>\n\t\t\t\t<\/div>\n\t\t\t\t<div class=\"elementor-element elementor-element-86144ef elementor-align-center elementor-widget elementor-widget-button\" data-id=\"86144ef\" data-element_type=\"widget\" data-widget_type=\"button.default\">\n\t\t\t\t<div class=\"elementor-widget-container\">\n\t\t\t\t\t\t\t\t\t<div class=\"elementor-button-wrapper\">\n\t\t\t\t\t<a class=\"elementor-button elementor-button-link elementor-size-sm\" href=\"https:\/\/rosa.be\/fr\/hp\/mathilde-bodart\/\">\n\t\t\t\t\t\t<span class=\"elementor-button-content-wrapper\">\n\t\t\t\t\t\t\t\t\t<span class=\"elementor-button-text\">Prendre rendez-vous<\/span>\n\t\t\t\t\t<\/span>\n\t\t\t\t\t<\/a>\n\t\t\t\t<\/div>\n\t\t\t\t\t\t\t\t<\/div>\n\t\t\t\t<\/div>\n\t\t\t\t\t<\/div>\n\t\t\t\t<\/div>\n\t\t<div class=\"elementor-element elementor-element-d952375 e-flex e-con-boxed e-con e-parent\" data-id=\"d952375\" data-element_type=\"container\">\n\t\t\t\t\t<div class=\"e-con-inner\">\n\t\t\t\t<div class=\"elementor-element elementor-element-59ea1d9 elementor-widget elementor-widget-spacer\" data-id=\"59ea1d9\" data-element_type=\"widget\" data-widget_type=\"spacer.default\">\n\t\t\t\t<div class=\"elementor-widget-container\">\n\t\t\t\t\t\t\t<div class=\"elementor-spacer\">\n\t\t\t<div class=\"elementor-spacer-inner\"><\/div>\n\t\t<\/div>\n\t\t\t\t\t\t<\/div>\n\t\t\t\t<\/div>\n\t\t\t\t\t<\/div>\n\t\t\t\t<\/div>\n\t\t\t\t<\/div>\n\t\t","protected":false},"excerpt":{"rendered":"<p>La psychomotricit\u00e9 Au sein de notre centre de sant\u00e9, la psychomotricit\u00e9 est une approche th\u00e9rapeutique globale qui aide petits et grands \u00e0 retrouver un \u00e9quilibre entre leurs \u00e9motions, leurs mouvements et leur rapport au monde. Notre psychomotricien(ne) vous accueille avec bienveillance pour un accompagnement personnalis\u00e9 et respectueux de votre rythme. \u00a0 Qu&rsquo;est-ce que la psychomotricit\u00e9 [&hellip;]<\/p>\n","protected":false},"author":3,"featured_media":0,"parent":0,"menu_order":0,"comment_status":"closed","ping_status":"closed","template":"","meta":{"footnotes":""},"class_list":["post-1104","page","type-page","status-publish","hentry"],"_links":{"self":[{"href":"https:\/\/lamariniere.be\/index.php\/wp-json\/wp\/v2\/pages\/1104","targetHints":{"allow":["GET"]}}],"collection":[{"href":"https:\/\/lamariniere.be\/index.php\/wp-json\/wp\/v2\/pages"}],"about":[{"href":"https:\/\/lamariniere.be\/index.php\/wp-json\/wp\/v2\/types\/page"}],"author":[{"embeddable":true,"href":"https:\/\/lamariniere.be\/index.php\/wp-json\/wp\/v2\/users\/3"}],"replies":[{"embeddable":true,"href":"https:\/\/lamariniere.be\/index.php\/wp-json\/wp\/v2\/comments?post=1104"}],"version-history":[{"count":4,"href":"https:\/\/lamariniere.be\/index.php\/wp-json\/wp\/v2\/pages\/1104\/revisions"}],"predecessor-version":[{"id":1108,"href":"https:\/\/lamariniere.be\/index.php\/wp-json\/wp\/v2\/pages\/1104\/revisions\/1108"}],"wp:attachment":[{"href":"https:\/\/lamariniere.be\/index.php\/wp-json\/wp\/v2\/media?parent=1104"}],"curies":[{"name":"wp","href":"https:\/\/api.w.org\/{rel}","templated":true}]}}