{"id":1118,"date":"2025-04-08T00:45:04","date_gmt":"2025-04-07T22:45:04","guid":{"rendered":"https:\/\/lamariniere.be\/?page_id=1118"},"modified":"2025-04-08T00:47:03","modified_gmt":"2025-04-07T22:47:03","slug":"psychologie","status":"publish","type":"page","link":"https:\/\/lamariniere.be\/index.php\/psychologie\/","title":{"rendered":"Psychologie"},"content":{"rendered":"\t\t<div data-elementor-type=\"wp-page\" data-elementor-id=\"1118\" class=\"elementor elementor-1118\">\n\t\t\t\t<div class=\"elementor-element elementor-element-795022fa e-flex e-con-boxed e-con e-parent\" data-id=\"795022fa\" data-element_type=\"container\">\n\t\t\t\t\t<div class=\"e-con-inner\">\n\t\t\t\t<div class=\"elementor-element elementor-element-28c56033 elementor-widget elementor-widget-spacer\" data-id=\"28c56033\" data-element_type=\"widget\" data-widget_type=\"spacer.default\">\n\t\t\t\t<div class=\"elementor-widget-container\">\n\t\t\t\t\t\t\t<div class=\"elementor-spacer\">\n\t\t\t<div class=\"elementor-spacer-inner\"><\/div>\n\t\t<\/div>\n\t\t\t\t\t\t<\/div>\n\t\t\t\t<\/div>\n\t\t\t\t\t<\/div>\n\t\t\t\t<\/div>\n\t\t<div class=\"elementor-element elementor-element-39b89c5b e-flex e-con-boxed e-con e-parent\" data-id=\"39b89c5b\" data-element_type=\"container\">\n\t\t\t\t\t<div class=\"e-con-inner\">\n\t\t\t\t<div class=\"elementor-element elementor-element-1d2ed4b4 elementor-widget elementor-widget-heading\" data-id=\"1d2ed4b4\" data-element_type=\"widget\" data-widget_type=\"heading.default\">\n\t\t\t\t<div class=\"elementor-widget-container\">\n\t\t\t\t\t<h2 class=\"elementor-heading-title elementor-size-default\">Psychologie<\/h2>\t\t\t\t<\/div>\n\t\t\t\t<\/div>\n\t\t\t\t\t<\/div>\n\t\t\t\t<\/div>\n\t\t<div class=\"elementor-element elementor-element-5fe78fc2 e-flex e-con-boxed e-con e-parent\" data-id=\"5fe78fc2\" data-element_type=\"container\">\n\t\t\t\t\t<div class=\"e-con-inner\">\n\t\t<div class=\"elementor-element elementor-element-5fcaa7fe e-con-full e-flex e-con e-child\" data-id=\"5fcaa7fe\" data-element_type=\"container\">\n\t\t\t\t<\/div>\n\t\t<div class=\"elementor-element elementor-element-7c3e2027 e-con-full e-flex e-con e-child\" data-id=\"7c3e2027\" data-element_type=\"container\">\n\t\t\t\t<div class=\"elementor-element elementor-element-585f2988 elementor-widget elementor-widget-image\" data-id=\"585f2988\" data-element_type=\"widget\" data-widget_type=\"image.default\">\n\t\t\t\t<div class=\"elementor-widget-container\">\n\t\t\t\t\t\t\t\t\t\t\t\t\t\t\t<img fetchpriority=\"high\" decoding=\"async\" width=\"1024\" height=\"1024\" src=\"https:\/\/lamariniere.be\/wp-content\/uploads\/2025\/01\/unrecognizable-woman-counseling-with-mental-health-professional-scaled-e1740406589461-1024x1024.jpg\" class=\"attachment-large size-large wp-image-620\" alt=\"\" srcset=\"https:\/\/lamariniere.be\/wp-content\/uploads\/2025\/01\/unrecognizable-woman-counseling-with-mental-health-professional-scaled-e1740406589461-1024x1024.jpg 1024w, https:\/\/lamariniere.be\/wp-content\/uploads\/2025\/01\/unrecognizable-woman-counseling-with-mental-health-professional-scaled-e1740406589461-300x300.jpg 300w, https:\/\/lamariniere.be\/wp-content\/uploads\/2025\/01\/unrecognizable-woman-counseling-with-mental-health-professional-scaled-e1740406589461-150x150.jpg 150w, https:\/\/lamariniere.be\/wp-content\/uploads\/2025\/01\/unrecognizable-woman-counseling-with-mental-health-professional-scaled-e1740406589461-768x768.jpg 768w, https:\/\/lamariniere.be\/wp-content\/uploads\/2025\/01\/unrecognizable-woman-counseling-with-mental-health-professional-scaled-e1740406589461-1536x1536.jpg 1536w, https:\/\/lamariniere.be\/wp-content\/uploads\/2025\/01\/unrecognizable-woman-counseling-with-mental-health-professional-scaled-e1740406589461-160x160.jpg 160w, https:\/\/lamariniere.be\/wp-content\/uploads\/2025\/01\/unrecognizable-woman-counseling-with-mental-health-professional-scaled-e1740406589461.jpg 1707w\" sizes=\"(max-width: 1024px) 100vw, 1024px\" \/>\t\t\t\t\t\t\t\t\t\t\t\t\t\t\t<\/div>\n\t\t\t\t<\/div>\n\t\t\t\t<\/div>\n\t\t<div class=\"elementor-element elementor-element-21f433b0 e-con-full e-flex e-con e-child\" data-id=\"21f433b0\" data-element_type=\"container\">\n\t\t\t\t<\/div>\n\t\t\t\t\t<\/div>\n\t\t\t\t<\/div>\n\t\t<div class=\"elementor-element elementor-element-1ef78b1b e-flex e-con-boxed e-con e-parent\" data-id=\"1ef78b1b\" data-element_type=\"container\">\n\t\t\t\t\t<div class=\"e-con-inner\">\n\t\t\t\t<div class=\"elementor-element elementor-element-52898ebd elementor-widget elementor-widget-text-editor\" data-id=\"52898ebd\" data-element_type=\"widget\" data-widget_type=\"text-editor.default\">\n\t\t\t\t<div class=\"elementor-widget-container\">\n\t\t\t\t\t\t\t\t\t<p data-pm-slice=\"1 1 []\">Dans notre centre de sant\u00e9, la psychologie occupe une place essentielle pour accompagner chacun dans son parcours de vie, dans les moments de doute comme dans ceux de transformation. Nos psychologues vous accueillent dans un cadre s\u00e9curisant, avec \u00e9coute, respect et bienveillance.<\/p><p>\u00a0<\/p><p><!-- \/wp:paragraph --><!-- wp:heading {\"level\":3} --><\/p>\t\t\t\t\t\t\t\t<\/div>\n\t\t\t\t<\/div>\n\t\t\t\t\t<\/div>\n\t\t\t\t<\/div>\n\t\t<div class=\"elementor-element elementor-element-1257dfb e-con-full e-flex e-con e-parent\" data-id=\"1257dfb\" data-element_type=\"container\" data-settings=\"{&quot;background_background&quot;:&quot;classic&quot;}\">\n\t\t\t\t<div class=\"elementor-element elementor-element-73d1245e elementor-widget elementor-widget-text-editor\" data-id=\"73d1245e\" data-element_type=\"widget\" data-widget_type=\"text-editor.default\">\n\t\t\t\t<div class=\"elementor-widget-container\">\n\t\t\t\t\t\t\t\t\t<h3 data-pm-slice=\"1 3 []\"><strong>Pourquoi consulter un(e) psychologue ?<\/strong><\/h3><p>\u00a0<\/p><p>Il n\u2019y a pas de \u00ab\u00a0bonne\u00a0\u00bb ou \u00ab\u00a0mauvaise\u00a0\u00bb raison pour consulter. Parler \u00e0 un professionnel, c\u2019est s\u2019offrir un temps pour soi, pour comprendre ce que l\u2019on vit et trouver les ressources pour aller mieux.<\/p><p><strong>Les motifs de consultation peuvent \u00eatre vari\u00e9s :<\/strong><\/p><ul data-spread=\"false\"><li><p>Anxi\u00e9t\u00e9, stress, fatigue \u00e9motionnelle<\/p><\/li><li><p>D\u00e9pression, perte de motivation<\/p><\/li><li><p>Difficult\u00e9s relationnelles ou familiales<\/p><\/li><li><p>Soutien lors de changements de vie (deuil, s\u00e9paration, parentalit\u00e9&#8230;)<\/p><\/li><li><p>Besoin de mieux se conna\u00eetre ou de faire le point<\/p><\/li><\/ul><p><!-- \/wp:paragraph --><\/p>\t\t\t\t\t\t\t\t<\/div>\n\t\t\t\t<\/div>\n\t\t\t\t<\/div>\n\t\t<div class=\"elementor-element elementor-element-252cd5ac e-flex e-con-boxed e-con e-parent\" data-id=\"252cd5ac\" data-element_type=\"container\">\n\t\t\t\t\t<div class=\"e-con-inner\">\n\t\t\t\t<div class=\"elementor-element elementor-element-1a43909f elementor-widget elementor-widget-spacer\" data-id=\"1a43909f\" data-element_type=\"widget\" data-widget_type=\"spacer.default\">\n\t\t\t\t<div class=\"elementor-widget-container\">\n\t\t\t\t\t\t\t<div class=\"elementor-spacer\">\n\t\t\t<div class=\"elementor-spacer-inner\"><\/div>\n\t\t<\/div>\n\t\t\t\t\t\t<\/div>\n\t\t\t\t<\/div>\n\t\t\t\t\t<\/div>\n\t\t\t\t<\/div>\n\t\t<div class=\"elementor-element elementor-element-177243d7 e-flex e-con-boxed e-con e-parent\" data-id=\"177243d7\" data-element_type=\"container\">\n\t\t\t\t\t<div class=\"e-con-inner\">\n\t\t\t\t<div class=\"elementor-element elementor-element-5e505d7c elementor-widget elementor-widget-text-editor\" data-id=\"5e505d7c\" data-element_type=\"widget\" data-widget_type=\"text-editor.default\">\n\t\t\t\t<div class=\"elementor-widget-container\">\n\t\t\t\t\t\t\t\t\t<h3 data-pm-slice=\"1 1 []\"><strong>Un accompagnement adapt\u00e9 \u00e0 chacun<\/strong><\/h3><p>\u00a0<\/p><p>Les s\u00e9ances s\u2019adaptent \u00e0 vos besoins, \u00e0 votre rythme, et peuvent \u00eatre ponctuelles ou inscrites dans une d\u00e9marche plus longue. Le travail se fait dans le respect total de votre parole, sans jugement.<\/p><p><strong>Pour les enfants, les adolescents, les adultes et les couples<\/strong><\/p><p>Notre \u00e9quipe prend en charge tous les publics, avec des approches et outils sp\u00e9cifiques : jeux et m\u00e9diations pour les plus jeunes, soutien parental, accompagnement adolescent, th\u00e9rapie individuelle ou de couple.<\/p><p>\u00a0<\/p><ul class=\"wp-block-list\"><!-- \/wp:list-item --><\/ul><p><!-- \/wp:list --><\/p>\t\t\t\t\t\t\t\t<\/div>\n\t\t\t\t<\/div>\n\t\t\t\t\t<\/div>\n\t\t\t\t<\/div>\n\t\t<div class=\"elementor-element elementor-element-5a5ed871 e-flex e-con-boxed e-con e-parent\" data-id=\"5a5ed871\" data-element_type=\"container\" data-settings=\"{&quot;background_background&quot;:&quot;classic&quot;}\">\n\t\t\t\t\t<div class=\"e-con-inner\">\n\t\t\t\t<div class=\"elementor-element elementor-element-fc1dd1b elementor-widget elementor-widget-text-editor\" data-id=\"fc1dd1b\" data-element_type=\"widget\" data-widget_type=\"text-editor.default\">\n\t\t\t\t<div class=\"elementor-widget-container\">\n\t\t\t\t\t\t\t\t\t<h3 data-pm-slice=\"1 1 []\"><strong>Prendre soin de sa sant\u00e9 mentale, c\u2019est aussi prendre soin de soi<\/strong><\/h3><p>\u00a0<\/p><p>Consulter un(e) psychologue, c\u2019est faire un pas vers une meilleure compr\u00e9hension de soi et un mieux-\u00eatre durable. Notre \u00e9quipe est l\u00e0 pour vous accompagner, en toute confiance et en toute discr\u00e9tion.<\/p><p>\u00a0<\/p><p>Prenez rendez-vous et ouvrez un espace pour vous.<\/p><p><!-- \/wp:paragraph --><\/p>\t\t\t\t\t\t\t\t<\/div>\n\t\t\t\t<\/div>\n\t\t\t\t\t<\/div>\n\t\t\t\t<\/div>\n\t\t<div class=\"elementor-element elementor-element-4275a07f e-flex e-con-boxed e-con e-parent\" data-id=\"4275a07f\" data-element_type=\"container\">\n\t\t\t\t\t<div class=\"e-con-inner\">\n\t\t\t\t<div class=\"elementor-element elementor-element-10294e19 elementor-widget elementor-widget-spacer\" data-id=\"10294e19\" data-element_type=\"widget\" data-widget_type=\"spacer.default\">\n\t\t\t\t<div class=\"elementor-widget-container\">\n\t\t\t\t\t\t\t<div class=\"elementor-spacer\">\n\t\t\t<div class=\"elementor-spacer-inner\"><\/div>\n\t\t<\/div>\n\t\t\t\t\t\t<\/div>\n\t\t\t\t<\/div>\n\t\t\t\t\t<\/div>\n\t\t\t\t<\/div>\n\t\t<div class=\"elementor-element elementor-element-53031080 e-grid e-con-boxed e-con e-parent\" data-id=\"53031080\" data-element_type=\"container\">\n\t\t\t\t\t<div class=\"e-con-inner\">\n\t\t\t\t<div class=\"elementor-element elementor-element-5d1e148e elementor-widget elementor-widget-image\" data-id=\"5d1e148e\" data-element_type=\"widget\" data-widget_type=\"image.default\">\n\t\t\t\t<div class=\"elementor-widget-container\">\n\t\t\t\t\t\t\t\t\t\t\t\t\t\t\t<img decoding=\"async\" width=\"1024\" height=\"1024\" src=\"https:\/\/lamariniere.be\/wp-content\/uploads\/2024\/09\/Post-instagram-nouveau-Studio-moderne-minimaliste-jaune-noir-blanc-6-1024x1024.png\" class=\"attachment-large size-large wp-image-540\" alt=\"\" srcset=\"https:\/\/lamariniere.be\/wp-content\/uploads\/2024\/09\/Post-instagram-nouveau-Studio-moderne-minimaliste-jaune-noir-blanc-6-1024x1024.png 1024w, https:\/\/lamariniere.be\/wp-content\/uploads\/2024\/09\/Post-instagram-nouveau-Studio-moderne-minimaliste-jaune-noir-blanc-6-300x300.png 300w, https:\/\/lamariniere.be\/wp-content\/uploads\/2024\/09\/Post-instagram-nouveau-Studio-moderne-minimaliste-jaune-noir-blanc-6-150x150.png 150w, https:\/\/lamariniere.be\/wp-content\/uploads\/2024\/09\/Post-instagram-nouveau-Studio-moderne-minimaliste-jaune-noir-blanc-6-768x768.png 768w, https:\/\/lamariniere.be\/wp-content\/uploads\/2024\/09\/Post-instagram-nouveau-Studio-moderne-minimaliste-jaune-noir-blanc-6-160x160.png 160w, https:\/\/lamariniere.be\/wp-content\/uploads\/2024\/09\/Post-instagram-nouveau-Studio-moderne-minimaliste-jaune-noir-blanc-6.png 1080w\" sizes=\"(max-width: 1024px) 100vw, 1024px\" \/>\t\t\t\t\t\t\t\t\t\t\t\t\t\t\t<\/div>\n\t\t\t\t<\/div>\n\t\t\t\t<div class=\"elementor-element elementor-element-9d6493a elementor-widget elementor-widget-image\" data-id=\"9d6493a\" data-element_type=\"widget\" data-widget_type=\"image.default\">\n\t\t\t\t<div class=\"elementor-widget-container\">\n\t\t\t\t\t\t\t\t\t\t\t\t\t\t\t<img decoding=\"async\" width=\"1024\" height=\"1024\" src=\"https:\/\/lamariniere.be\/wp-content\/uploads\/2024\/11\/Post-instagram-nouveau-Studio-moderne-minimaliste-jaune-noir-blanc-1-1024x1024.png\" class=\"attachment-large size-large wp-image-576\" alt=\"\" srcset=\"https:\/\/lamariniere.be\/wp-content\/uploads\/2024\/11\/Post-instagram-nouveau-Studio-moderne-minimaliste-jaune-noir-blanc-1-1024x1024.png 1024w, https:\/\/lamariniere.be\/wp-content\/uploads\/2024\/11\/Post-instagram-nouveau-Studio-moderne-minimaliste-jaune-noir-blanc-1-300x300.png 300w, https:\/\/lamariniere.be\/wp-content\/uploads\/2024\/11\/Post-instagram-nouveau-Studio-moderne-minimaliste-jaune-noir-blanc-1-150x150.png 150w, https:\/\/lamariniere.be\/wp-content\/uploads\/2024\/11\/Post-instagram-nouveau-Studio-moderne-minimaliste-jaune-noir-blanc-1-768x768.png 768w, https:\/\/lamariniere.be\/wp-content\/uploads\/2024\/11\/Post-instagram-nouveau-Studio-moderne-minimaliste-jaune-noir-blanc-1-160x160.png 160w, https:\/\/lamariniere.be\/wp-content\/uploads\/2024\/11\/Post-instagram-nouveau-Studio-moderne-minimaliste-jaune-noir-blanc-1.png 1080w\" sizes=\"(max-width: 1024px) 100vw, 1024px\" \/>\t\t\t\t\t\t\t\t\t\t\t\t\t\t\t<\/div>\n\t\t\t\t<\/div>\n\t\t\t\t<div class=\"elementor-element elementor-element-c6ef055 elementor-widget elementor-widget-image\" data-id=\"c6ef055\" data-element_type=\"widget\" data-widget_type=\"image.default\">\n\t\t\t\t<div class=\"elementor-widget-container\">\n\t\t\t\t\t\t\t\t\t\t\t\t\t\t\t<img loading=\"lazy\" decoding=\"async\" width=\"1024\" height=\"1024\" src=\"https:\/\/lamariniere.be\/wp-content\/uploads\/2024\/09\/Post-instagram-nouveau-Studio-moderne-minimaliste-jaune-noir-blanc-5-1024x1024.png\" class=\"attachment-large size-large wp-image-541\" alt=\"\" srcset=\"https:\/\/lamariniere.be\/wp-content\/uploads\/2024\/09\/Post-instagram-nouveau-Studio-moderne-minimaliste-jaune-noir-blanc-5-1024x1024.png 1024w, https:\/\/lamariniere.be\/wp-content\/uploads\/2024\/09\/Post-instagram-nouveau-Studio-moderne-minimaliste-jaune-noir-blanc-5-300x300.png 300w, https:\/\/lamariniere.be\/wp-content\/uploads\/2024\/09\/Post-instagram-nouveau-Studio-moderne-minimaliste-jaune-noir-blanc-5-150x150.png 150w, https:\/\/lamariniere.be\/wp-content\/uploads\/2024\/09\/Post-instagram-nouveau-Studio-moderne-minimaliste-jaune-noir-blanc-5-768x768.png 768w, https:\/\/lamariniere.be\/wp-content\/uploads\/2024\/09\/Post-instagram-nouveau-Studio-moderne-minimaliste-jaune-noir-blanc-5-160x160.png 160w, https:\/\/lamariniere.be\/wp-content\/uploads\/2024\/09\/Post-instagram-nouveau-Studio-moderne-minimaliste-jaune-noir-blanc-5.png 1080w\" sizes=\"(max-width: 1024px) 100vw, 1024px\" \/>\t\t\t\t\t\t\t\t\t\t\t\t\t\t\t<\/div>\n\t\t\t\t<\/div>\n\t\t\t\t<div class=\"elementor-element elementor-element-1cbd8d0 elementor-widget elementor-widget-image\" data-id=\"1cbd8d0\" data-element_type=\"widget\" data-widget_type=\"image.default\">\n\t\t\t\t<div class=\"elementor-widget-container\">\n\t\t\t\t\t\t\t\t\t\t\t\t\t\t\t<img loading=\"lazy\" decoding=\"async\" width=\"1024\" height=\"1024\" src=\"https:\/\/lamariniere.be\/wp-content\/uploads\/2025\/03\/Post-instagram-nouveau-Studio-moderne-minimaliste-jaune-noir-blanc-4-1024x1024.png\" class=\"attachment-large size-large wp-image-985\" alt=\"\" srcset=\"https:\/\/lamariniere.be\/wp-content\/uploads\/2025\/03\/Post-instagram-nouveau-Studio-moderne-minimaliste-jaune-noir-blanc-4-1024x1024.png 1024w, https:\/\/lamariniere.be\/wp-content\/uploads\/2025\/03\/Post-instagram-nouveau-Studio-moderne-minimaliste-jaune-noir-blanc-4-300x300.png 300w, https:\/\/lamariniere.be\/wp-content\/uploads\/2025\/03\/Post-instagram-nouveau-Studio-moderne-minimaliste-jaune-noir-blanc-4-150x150.png 150w, https:\/\/lamariniere.be\/wp-content\/uploads\/2025\/03\/Post-instagram-nouveau-Studio-moderne-minimaliste-jaune-noir-blanc-4-768x768.png 768w, https:\/\/lamariniere.be\/wp-content\/uploads\/2025\/03\/Post-instagram-nouveau-Studio-moderne-minimaliste-jaune-noir-blanc-4-160x160.png 160w, https:\/\/lamariniere.be\/wp-content\/uploads\/2025\/03\/Post-instagram-nouveau-Studio-moderne-minimaliste-jaune-noir-blanc-4.png 1080w\" sizes=\"(max-width: 1024px) 100vw, 1024px\" \/>\t\t\t\t\t\t\t\t\t\t\t\t\t\t\t<\/div>\n\t\t\t\t<\/div>\n\t\t\t\t\t<\/div>\n\t\t\t\t<\/div>\n\t\t<div class=\"elementor-element elementor-element-34ac401a e-grid e-con-boxed e-con e-parent\" data-id=\"34ac401a\" data-element_type=\"container\">\n\t\t\t\t\t<div class=\"e-con-inner\">\n\t\t\t\t<div class=\"elementor-element elementor-element-5dcad86f elementor-widget elementor-widget-text-editor\" data-id=\"5dcad86f\" data-element_type=\"widget\" data-widget_type=\"text-editor.default\">\n\t\t\t\t<div class=\"elementor-widget-container\">\n\t\t\t\t\t\t\t\t\t<p class=\"has-text-align-center\"><a href=\"https:\/\/lamariniere.be\/index.php\/celine-vilaine\/\" data-type=\"page\" data-id=\"478\">C\u00e9line VILAINE<\/a><\/p><p class=\"has-text-align-center\">Psychologue parents\/enfants<\/p>\t\t\t\t\t\t\t\t<\/div>\n\t\t\t\t<\/div>\n\t\t\t\t<div class=\"elementor-element elementor-element-b414eae elementor-widget elementor-widget-text-editor\" data-id=\"b414eae\" data-element_type=\"widget\" data-widget_type=\"text-editor.default\">\n\t\t\t\t<div class=\"elementor-widget-container\">\n\t\t\t\t\t\t\t\t\t<p class=\"has-text-align-center\"><a href=\"https:\/\/lamariniere.be\/index.php\/astrid\/\" data-type=\"page\" data-id=\"573\">Astrid NIEDDU<\/a><\/p><p class=\"has-text-align-center\">Psychologue l\u00e9gale<\/p>\t\t\t\t\t\t\t\t<\/div>\n\t\t\t\t<\/div>\n\t\t\t\t<div class=\"elementor-element elementor-element-096ed28 elementor-widget elementor-widget-text-editor\" data-id=\"096ed28\" data-element_type=\"widget\" data-widget_type=\"text-editor.default\">\n\t\t\t\t<div class=\"elementor-widget-container\">\n\t\t\t\t\t\t\t\t\t<p class=\"has-text-align-center\"><a href=\"https:\/\/lamariniere.be\/index.php\/laetitia-dos-santos\/\" data-type=\"page\" data-id=\"480\">La\u00ebtitia VERRY<\/a><\/p><p class=\"has-text-align-center\">Psycho-sexologue<\/p>\t\t\t\t\t\t\t\t<\/div>\n\t\t\t\t<\/div>\n\t\t\t\t<div class=\"elementor-element elementor-element-ca0b9a7 elementor-widget elementor-widget-text-editor\" data-id=\"ca0b9a7\" data-element_type=\"widget\" data-widget_type=\"text-editor.default\">\n\t\t\t\t<div class=\"elementor-widget-container\">\n\t\t\t\t\t\t\t\t\t<p class=\"has-text-align-center\"><a href=\"https:\/\/lamariniere.be\/index.php\/juliette-marechal\/\" data-type=\"page\" data-id=\"828\">Juliette MARECHAL<\/a><\/p><p class=\"has-text-align-center\">Neuropsychologue<\/p>\t\t\t\t\t\t\t\t<\/div>\n\t\t\t\t<\/div>\n\t\t\t\t\t<\/div>\n\t\t\t\t<\/div>\n\t\t<div class=\"elementor-element elementor-element-5d234a0e e-grid e-con-boxed e-con e-parent\" data-id=\"5d234a0e\" data-element_type=\"container\">\n\t\t\t\t\t<div class=\"e-con-inner\">\n\t\t\t\t<div class=\"elementor-element elementor-element-6f6aa515 elementor-align-center elementor-widget elementor-widget-button\" data-id=\"6f6aa515\" data-element_type=\"widget\" data-widget_type=\"button.default\">\n\t\t\t\t<div class=\"elementor-widget-container\">\n\t\t\t\t\t\t\t\t\t<div class=\"elementor-button-wrapper\">\n\t\t\t\t\t<a class=\"elementor-button elementor-button-link elementor-size-sm\" href=\"https:\/\/rosa.be\/fr\/hp\/celine-vilaine\/\">\n\t\t\t\t\t\t<span class=\"elementor-button-content-wrapper\">\n\t\t\t\t\t\t\t\t\t<span class=\"elementor-button-text\">Cliquez ici<\/span>\n\t\t\t\t\t<\/span>\n\t\t\t\t\t<\/a>\n\t\t\t\t<\/div>\n\t\t\t\t\t\t\t\t<\/div>\n\t\t\t\t<\/div>\n\t\t\t\t<div class=\"elementor-element elementor-element-828f652 elementor-align-center elementor-widget elementor-widget-button\" data-id=\"828f652\" data-element_type=\"widget\" data-widget_type=\"button.default\">\n\t\t\t\t<div class=\"elementor-widget-container\">\n\t\t\t\t\t\t\t\t\t<div class=\"elementor-button-wrapper\">\n\t\t\t\t\t<a class=\"elementor-button elementor-button-link elementor-size-sm\" href=\"https:\/\/rosa.be\/fr\/hp\/astrid-nieddu\/\">\n\t\t\t\t\t\t<span class=\"elementor-button-content-wrapper\">\n\t\t\t\t\t\t\t\t\t<span class=\"elementor-button-text\">Cliquez ici<\/span>\n\t\t\t\t\t<\/span>\n\t\t\t\t\t<\/a>\n\t\t\t\t<\/div>\n\t\t\t\t\t\t\t\t<\/div>\n\t\t\t\t<\/div>\n\t\t\t\t<div class=\"elementor-element elementor-element-91092e7 elementor-align-center elementor-widget elementor-widget-button\" data-id=\"91092e7\" data-element_type=\"widget\" data-widget_type=\"button.default\">\n\t\t\t\t<div class=\"elementor-widget-container\">\n\t\t\t\t\t\t\t\t\t<div class=\"elementor-button-wrapper\">\n\t\t\t\t\t<a class=\"elementor-button elementor-button-link elementor-size-sm\" href=\"https:\/\/rosa.be\/fr\/hp\/laetita-dos-santos\/\">\n\t\t\t\t\t\t<span class=\"elementor-button-content-wrapper\">\n\t\t\t\t\t\t\t\t\t<span class=\"elementor-button-text\">Cliquez ici<\/span>\n\t\t\t\t\t<\/span>\n\t\t\t\t\t<\/a>\n\t\t\t\t<\/div>\n\t\t\t\t\t\t\t\t<\/div>\n\t\t\t\t<\/div>\n\t\t\t\t<div class=\"elementor-element elementor-element-08ebe5c elementor-align-center elementor-widget elementor-widget-button\" data-id=\"08ebe5c\" data-element_type=\"widget\" data-widget_type=\"button.default\">\n\t\t\t\t<div class=\"elementor-widget-container\">\n\t\t\t\t\t\t\t\t\t<div class=\"elementor-button-wrapper\">\n\t\t\t\t\t<a class=\"elementor-button elementor-button-link elementor-size-sm\" href=\"https:\/\/rosa.be\/fr\/hp\/juliette-marechal\/\">\n\t\t\t\t\t\t<span class=\"elementor-button-content-wrapper\">\n\t\t\t\t\t\t\t\t\t<span class=\"elementor-button-text\">Cliquez ici<\/span>\n\t\t\t\t\t<\/span>\n\t\t\t\t\t<\/a>\n\t\t\t\t<\/div>\n\t\t\t\t\t\t\t\t<\/div>\n\t\t\t\t<\/div>\n\t\t\t\t\t<\/div>\n\t\t\t\t<\/div>\n\t\t<div class=\"elementor-element elementor-element-70d4eb4 e-flex e-con-boxed e-con e-parent\" data-id=\"70d4eb4\" data-element_type=\"container\">\n\t\t\t\t\t<div class=\"e-con-inner\">\n\t\t\t\t<div class=\"elementor-element elementor-element-5fd2f31 elementor-widget elementor-widget-spacer\" data-id=\"5fd2f31\" data-element_type=\"widget\" data-widget_type=\"spacer.default\">\n\t\t\t\t<div class=\"elementor-widget-container\">\n\t\t\t\t\t\t\t<div class=\"elementor-spacer\">\n\t\t\t<div class=\"elementor-spacer-inner\"><\/div>\n\t\t<\/div>\n\t\t\t\t\t\t<\/div>\n\t\t\t\t<\/div>\n\t\t\t\t\t<\/div>\n\t\t\t\t<\/div>\n\t\t\t\t<\/div>\n\t\t","protected":false},"excerpt":{"rendered":"<p>Psychologie Dans notre centre de sant\u00e9, la psychologie occupe une place essentielle pour accompagner chacun dans son parcours de vie, dans les moments de doute comme dans ceux de transformation. Nos psychologues vous accueillent dans un cadre s\u00e9curisant, avec \u00e9coute, respect et bienveillance. \u00a0 Pourquoi consulter un(e) psychologue ? \u00a0 Il n\u2019y a pas de [&hellip;]<\/p>\n","protected":false},"author":3,"featured_media":0,"parent":0,"menu_order":0,"comment_status":"closed","ping_status":"closed","template":"","meta":{"footnotes":""},"class_list":["post-1118","page","type-page","status-publish","hentry"],"_links":{"self":[{"href":"https:\/\/lamariniere.be\/index.php\/wp-json\/wp\/v2\/pages\/1118","targetHints":{"allow":["GET"]}}],"collection":[{"href":"https:\/\/lamariniere.be\/index.php\/wp-json\/wp\/v2\/pages"}],"about":[{"href":"https:\/\/lamariniere.be\/index.php\/wp-json\/wp\/v2\/types\/page"}],"author":[{"embeddable":true,"href":"https:\/\/lamariniere.be\/index.php\/wp-json\/wp\/v2\/users\/3"}],"replies":[{"embeddable":true,"href":"https:\/\/lamariniere.be\/index.php\/wp-json\/wp\/v2\/comments?post=1118"}],"version-history":[{"count":4,"href":"https:\/\/lamariniere.be\/index.php\/wp-json\/wp\/v2\/pages\/1118\/revisions"}],"predecessor-version":[{"id":1122,"href":"https:\/\/lamariniere.be\/index.php\/wp-json\/wp\/v2\/pages\/1118\/revisions\/1122"}],"wp:attachment":[{"href":"https:\/\/lamariniere.be\/index.php\/wp-json\/wp\/v2\/media?parent=1118"}],"curies":[{"name":"wp","href":"https:\/\/api.w.org\/{rel}","templated":true}]}}