{"id":1126,"date":"2025-04-08T00:56:55","date_gmt":"2025-04-07T22:56:55","guid":{"rendered":"https:\/\/lamariniere.be\/?page_id=1126"},"modified":"2025-05-05T22:24:44","modified_gmt":"2025-05-05T20:24:44","slug":"elementor-page-1126","status":"publish","type":"page","link":"https:\/\/lamariniere.be\/index.php\/elementor-page-1126\/","title":{"rendered":"psychosexo"},"content":{"rendered":"\t\t<div data-elementor-type=\"wp-page\" data-elementor-id=\"1126\" class=\"elementor elementor-1126\">\n\t\t\t\t<div class=\"elementor-element elementor-element-7e4008ef e-flex e-con-boxed e-con e-parent\" data-id=\"7e4008ef\" data-element_type=\"container\">\n\t\t\t\t\t<div class=\"e-con-inner\">\n\t\t\t\t<div class=\"elementor-element elementor-element-dfb0a3a elementor-widget elementor-widget-spacer\" data-id=\"dfb0a3a\" data-element_type=\"widget\" data-widget_type=\"spacer.default\">\n\t\t\t\t<div class=\"elementor-widget-container\">\n\t\t\t\t\t\t\t<div class=\"elementor-spacer\">\n\t\t\t<div class=\"elementor-spacer-inner\"><\/div>\n\t\t<\/div>\n\t\t\t\t\t\t<\/div>\n\t\t\t\t<\/div>\n\t\t\t\t\t<\/div>\n\t\t\t\t<\/div>\n\t\t<div class=\"elementor-element elementor-element-3889e680 e-flex e-con-boxed e-con e-parent\" data-id=\"3889e680\" data-element_type=\"container\">\n\t\t\t\t\t<div class=\"e-con-inner\">\n\t\t\t\t<div class=\"elementor-element elementor-element-5099103e elementor-widget elementor-widget-heading\" data-id=\"5099103e\" data-element_type=\"widget\" data-widget_type=\"heading.default\">\n\t\t\t\t<div class=\"elementor-widget-container\">\n\t\t\t\t\t<h2 class=\"elementor-heading-title elementor-size-default\">Psycho-sexologie<\/h2>\t\t\t\t<\/div>\n\t\t\t\t<\/div>\n\t\t\t\t\t<\/div>\n\t\t\t\t<\/div>\n\t\t<div class=\"elementor-element elementor-element-5a835b41 e-flex e-con-boxed e-con e-parent\" data-id=\"5a835b41\" data-element_type=\"container\">\n\t\t\t\t\t<div class=\"e-con-inner\">\n\t\t<div class=\"elementor-element elementor-element-7d50794c e-con-full e-flex e-con e-child\" data-id=\"7d50794c\" data-element_type=\"container\">\n\t\t\t\t<\/div>\n\t\t<div class=\"elementor-element elementor-element-51dafbb1 e-con-full e-flex e-con e-child\" data-id=\"51dafbb1\" data-element_type=\"container\">\n\t\t\t\t<div class=\"elementor-element elementor-element-1fed5ea2 elementor-widget elementor-widget-image\" data-id=\"1fed5ea2\" data-element_type=\"widget\" data-widget_type=\"image.default\">\n\t\t\t\t<div class=\"elementor-widget-container\">\n\t\t\t\t\t\t\t\t\t\t\t\t\t\t\t<img decoding=\"async\" width=\"1\" height=\"1\" src=\"https:\/\/lamariniere.be\/wp-content\/uploads\/2025\/01\/psychological-therapy-support-group-meeting.jpg\" class=\"attachment-large size-large wp-image-621\" alt=\"\" \/>\t\t\t\t\t\t\t\t\t\t\t\t\t\t\t<\/div>\n\t\t\t\t<\/div>\n\t\t\t\t<\/div>\n\t\t<div class=\"elementor-element elementor-element-23245a4a e-con-full e-flex e-con e-child\" data-id=\"23245a4a\" data-element_type=\"container\">\n\t\t\t\t<\/div>\n\t\t\t\t\t<\/div>\n\t\t\t\t<\/div>\n\t\t<div class=\"elementor-element elementor-element-2ccdb5ad e-flex e-con-boxed e-con e-parent\" data-id=\"2ccdb5ad\" data-element_type=\"container\">\n\t\t\t\t\t<div class=\"e-con-inner\">\n\t\t\t\t<div class=\"elementor-element elementor-element-6b6b1204 elementor-widget elementor-widget-text-editor\" data-id=\"6b6b1204\" data-element_type=\"widget\" data-widget_type=\"text-editor.default\">\n\t\t\t\t<div class=\"elementor-widget-container\">\n\t\t\t\t\t\t\t\t\t<p data-pm-slice=\"1 1 []\">Au sein de notre centre de sant\u00e9, la psychologue-sexologue vous accueille dans un espace confidentiel, bienveillant et sans jugement pour aborder les questions intimes, relationnelles et sexuelles. Son accompagnement vous aide \u00e0 mieux comprendre vos difficult\u00e9s et \u00e0 retrouver une harmonie personnelle et dans votre vie affective.<\/p><p data-pm-slice=\"1 1 []\">\u00a0<\/p><p><!-- \/wp:paragraph --><!-- wp:heading {\"level\":3} --><\/p>\t\t\t\t\t\t\t\t<\/div>\n\t\t\t\t<\/div>\n\t\t\t\t\t<\/div>\n\t\t\t\t<\/div>\n\t\t<div class=\"elementor-element elementor-element-40d3fd2b e-con-full e-flex e-con e-parent\" data-id=\"40d3fd2b\" data-element_type=\"container\" data-settings=\"{&quot;background_background&quot;:&quot;classic&quot;}\">\n\t\t\t\t<div class=\"elementor-element elementor-element-718b2ed4 elementor-widget elementor-widget-text-editor\" data-id=\"718b2ed4\" data-element_type=\"widget\" data-widget_type=\"text-editor.default\">\n\t\t\t\t<div class=\"elementor-widget-container\">\n\t\t\t\t\t\t\t\t\t<h3 data-pm-slice=\"1 1 []\"><strong>Pourquoi consulter en sexologie ?<\/strong><\/h3><p data-pm-slice=\"1 1 []\">\u00a0<\/p><p>La sexologie prend en compte l\u2019ensemble de la vie affective, sexuelle et relationnelle. Elle peut \u00eatre utile dans de nombreuses situations :<\/p><ul data-spread=\"false\"><li><p>Troubles du d\u00e9sir, douleurs lors des rapports<\/p><\/li><li><p>Difficult\u00e9s \u00e9rectiles ou troubles de l&rsquo;\u00e9jaculation<\/p><\/li><li><p>Probl\u00e8mes relationnels ou de communication dans le couple<\/p><\/li><li><p>Manque de confiance en soi ou questionnements identitaires<\/p><\/li><li><p>V\u00e9cus de violences, traumatismes, blocages<\/p><\/li><\/ul><p>\u00a0<\/p><p><!-- \/wp:paragraph --><\/p>\t\t\t\t\t\t\t\t<\/div>\n\t\t\t\t<\/div>\n\t\t\t\t<\/div>\n\t\t<div class=\"elementor-element elementor-element-69a0ad48 e-flex e-con-boxed e-con e-parent\" data-id=\"69a0ad48\" data-element_type=\"container\">\n\t\t\t\t\t<div class=\"e-con-inner\">\n\t\t\t\t<div class=\"elementor-element elementor-element-4ccf142f elementor-widget elementor-widget-spacer\" data-id=\"4ccf142f\" data-element_type=\"widget\" data-widget_type=\"spacer.default\">\n\t\t\t\t<div class=\"elementor-widget-container\">\n\t\t\t\t\t\t\t<div class=\"elementor-spacer\">\n\t\t\t<div class=\"elementor-spacer-inner\"><\/div>\n\t\t<\/div>\n\t\t\t\t\t\t<\/div>\n\t\t\t\t<\/div>\n\t\t\t\t\t<\/div>\n\t\t\t\t<\/div>\n\t\t<div class=\"elementor-element elementor-element-7dca6dee e-flex e-con-boxed e-con e-parent\" data-id=\"7dca6dee\" data-element_type=\"container\">\n\t\t\t\t\t<div class=\"e-con-inner\">\n\t\t\t\t<div class=\"elementor-element elementor-element-55b58160 elementor-widget elementor-widget-text-editor\" data-id=\"55b58160\" data-element_type=\"widget\" data-widget_type=\"text-editor.default\">\n\t\t\t\t<div class=\"elementor-widget-container\">\n\t\t\t\t\t\t\t\t\t<h3 data-pm-slice=\"1 3 []\"><strong>Un accompagnement sur mesure<\/strong><\/h3><p data-pm-slice=\"1 3 []\">\u00a0<\/p><p>La psychologue-sexologue vous aide \u00e0 mettre des mots sur ce que vous vivez, \u00e0 mieux comprendre vos ressentis, vos besoins et vos limites. Les s\u00e9ances sont adapt\u00e9es \u00e0 votre situation, qu\u2019il s\u2019agisse d\u2019une consultation individuelle ou de couple.<\/p><p>\u00a0<\/p><h5><strong>Pour qui ?<\/strong><\/h5><ul data-spread=\"false\"><li><p>Adultes et jeunes adultes<\/p><\/li><li><p>Couples<\/p><\/li><li><p>Personnes seules en questionnement sur leur sexualit\u00e9 ou leur identit\u00e9<\/p><\/li><\/ul><p>\u00a0<\/p><p>\u00a0<\/p><ul class=\"wp-block-list\"><!-- \/wp:list-item --><\/ul><p><!-- \/wp:list --><\/p>\t\t\t\t\t\t\t\t<\/div>\n\t\t\t\t<\/div>\n\t\t\t\t\t<\/div>\n\t\t\t\t<\/div>\n\t\t<div class=\"elementor-element elementor-element-2ac40bca e-flex e-con-boxed e-con e-parent\" data-id=\"2ac40bca\" data-element_type=\"container\" data-settings=\"{&quot;background_background&quot;:&quot;classic&quot;}\">\n\t\t\t\t\t<div class=\"e-con-inner\">\n\t\t\t\t<div class=\"elementor-element elementor-element-7226256a elementor-widget elementor-widget-text-editor\" data-id=\"7226256a\" data-element_type=\"widget\" data-widget_type=\"text-editor.default\">\n\t\t\t\t<div class=\"elementor-widget-container\">\n\t\t\t\t\t\t\t\t\t<h3 data-pm-slice=\"1 1 []\"><strong>Un espace de parole pour avancer en confiance<\/strong><\/h3><p>\u00a0<\/p><p>La sexologie psychologique repose sur l\u2019\u00e9coute active, la compr\u00e9hension et le respect. Elle vous permet de cheminer \u00e0 votre rythme, de vous reconnecter \u00e0 votre corps, \u00e0 vos d\u00e9sirs et \u00e0 vos relations, dans une d\u00e9marche de bien-\u00eatre global.<\/p><p>\u00a0<\/p><p>Prenez rendez-vous et offrez-vous un moment d\u2019\u00e9coute, de respect et de reconnexion \u00e0 vous-m\u00eame.<\/p><p><!-- \/wp:paragraph --><\/p>\t\t\t\t\t\t\t\t<\/div>\n\t\t\t\t<\/div>\n\t\t\t\t\t<\/div>\n\t\t\t\t<\/div>\n\t\t<div class=\"elementor-element elementor-element-2b27efdb e-grid e-con-boxed e-con e-parent\" data-id=\"2b27efdb\" data-element_type=\"container\">\n\t\t\t\t\t<div class=\"e-con-inner\">\n\t\t\t\t<div class=\"elementor-element elementor-element-dcda2e4 elementor-widget elementor-widget-image\" data-id=\"dcda2e4\" data-element_type=\"widget\" data-widget_type=\"image.default\">\n\t\t\t\t<div class=\"elementor-widget-container\">\n\t\t\t\t\t\t\t\t\t\t\t\t\t\t\t<img fetchpriority=\"high\" decoding=\"async\" width=\"1024\" height=\"1024\" src=\"https:\/\/lamariniere.be\/wp-content\/uploads\/2024\/09\/Post-instagram-nouveau-Studio-moderne-minimaliste-jaune-noir-blanc-5-1024x1024.png\" class=\"attachment-large size-large wp-image-541\" alt=\"\" srcset=\"https:\/\/lamariniere.be\/wp-content\/uploads\/2024\/09\/Post-instagram-nouveau-Studio-moderne-minimaliste-jaune-noir-blanc-5-1024x1024.png 1024w, https:\/\/lamariniere.be\/wp-content\/uploads\/2024\/09\/Post-instagram-nouveau-Studio-moderne-minimaliste-jaune-noir-blanc-5-300x300.png 300w, https:\/\/lamariniere.be\/wp-content\/uploads\/2024\/09\/Post-instagram-nouveau-Studio-moderne-minimaliste-jaune-noir-blanc-5-150x150.png 150w, https:\/\/lamariniere.be\/wp-content\/uploads\/2024\/09\/Post-instagram-nouveau-Studio-moderne-minimaliste-jaune-noir-blanc-5-768x768.png 768w, https:\/\/lamariniere.be\/wp-content\/uploads\/2024\/09\/Post-instagram-nouveau-Studio-moderne-minimaliste-jaune-noir-blanc-5-160x160.png 160w, https:\/\/lamariniere.be\/wp-content\/uploads\/2024\/09\/Post-instagram-nouveau-Studio-moderne-minimaliste-jaune-noir-blanc-5.png 1080w\" sizes=\"(max-width: 1024px) 100vw, 1024px\" \/>\t\t\t\t\t\t\t\t\t\t\t\t\t\t\t<\/div>\n\t\t\t\t<\/div>\n\t\t\t\t\t<\/div>\n\t\t\t\t<\/div>\n\t\t<div class=\"elementor-element elementor-element-2908887f e-grid e-con-boxed e-con e-parent\" data-id=\"2908887f\" data-element_type=\"container\">\n\t\t\t\t\t<div class=\"e-con-inner\">\n\t\t\t\t<div class=\"elementor-element elementor-element-7b66f4f5 elementor-widget elementor-widget-text-editor\" data-id=\"7b66f4f5\" data-element_type=\"widget\" data-widget_type=\"text-editor.default\">\n\t\t\t\t<div class=\"elementor-widget-container\">\n\t\t\t\t\t\t\t\t\t<p><strong><a href=\"https:\/\/lamariniere.be\/index.php\/laetitia-dos-santos\/\" data-type=\"page\" data-id=\"480\">La\u00ebtitia VERRY<\/a><\/strong><\/p>\t\t\t\t\t\t\t\t<\/div>\n\t\t\t\t<\/div>\n\t\t\t\t\t<\/div>\n\t\t\t\t<\/div>\n\t\t<div class=\"elementor-element elementor-element-5e4ff5b6 e-grid e-con-boxed e-con e-parent\" data-id=\"5e4ff5b6\" data-element_type=\"container\">\n\t\t\t\t\t<div class=\"e-con-inner\">\n\t\t\t\t<div class=\"elementor-element elementor-element-613b6e3f elementor-align-center elementor-widget elementor-widget-button\" data-id=\"613b6e3f\" data-element_type=\"widget\" data-widget_type=\"button.default\">\n\t\t\t\t<div class=\"elementor-widget-container\">\n\t\t\t\t\t\t\t\t\t<div class=\"elementor-button-wrapper\">\n\t\t\t\t\t<a class=\"elementor-button elementor-button-link elementor-size-sm\" href=\"https:\/\/rosa.be\/fr\/hp\/laetita-dos-santos\/\">\n\t\t\t\t\t\t<span class=\"elementor-button-content-wrapper\">\n\t\t\t\t\t\t\t\t\t<span class=\"elementor-button-text\">Prendre un rendez-vous<\/span>\n\t\t\t\t\t<\/span>\n\t\t\t\t\t<\/a>\n\t\t\t\t<\/div>\n\t\t\t\t\t\t\t\t<\/div>\n\t\t\t\t<\/div>\n\t\t\t\t\t<\/div>\n\t\t\t\t<\/div>\n\t\t<div class=\"elementor-element elementor-element-3ff77850 e-flex e-con-boxed e-con e-parent\" data-id=\"3ff77850\" data-element_type=\"container\">\n\t\t\t\t\t<div class=\"e-con-inner\">\n\t\t\t\t<div class=\"elementor-element elementor-element-49cc2cc5 elementor-widget elementor-widget-spacer\" data-id=\"49cc2cc5\" data-element_type=\"widget\" data-widget_type=\"spacer.default\">\n\t\t\t\t<div class=\"elementor-widget-container\">\n\t\t\t\t\t\t\t<div class=\"elementor-spacer\">\n\t\t\t<div class=\"elementor-spacer-inner\"><\/div>\n\t\t<\/div>\n\t\t\t\t\t\t<\/div>\n\t\t\t\t<\/div>\n\t\t\t\t\t<\/div>\n\t\t\t\t<\/div>\n\t\t\t\t<\/div>\n\t\t","protected":false},"excerpt":{"rendered":"<p>Psycho-sexologie Au sein de notre centre de sant\u00e9, la psychologue-sexologue vous accueille dans un espace confidentiel, bienveillant et sans jugement pour aborder les questions intimes, relationnelles et sexuelles. Son accompagnement vous aide \u00e0 mieux comprendre vos difficult\u00e9s et \u00e0 retrouver une harmonie personnelle et dans votre vie affective. \u00a0 Pourquoi consulter en sexologie ? \u00a0 [&hellip;]<\/p>\n","protected":false},"author":3,"featured_media":625,"parent":0,"menu_order":0,"comment_status":"closed","ping_status":"closed","template":"","meta":{"footnotes":""},"class_list":["post-1126","page","type-page","status-publish","has-post-thumbnail","hentry"],"_links":{"self":[{"href":"https:\/\/lamariniere.be\/index.php\/wp-json\/wp\/v2\/pages\/1126","targetHints":{"allow":["GET"]}}],"collection":[{"href":"https:\/\/lamariniere.be\/index.php\/wp-json\/wp\/v2\/pages"}],"about":[{"href":"https:\/\/lamariniere.be\/index.php\/wp-json\/wp\/v2\/types\/page"}],"author":[{"embeddable":true,"href":"https:\/\/lamariniere.be\/index.php\/wp-json\/wp\/v2\/users\/3"}],"replies":[{"embeddable":true,"href":"https:\/\/lamariniere.be\/index.php\/wp-json\/wp\/v2\/comments?post=1126"}],"version-history":[{"count":16,"href":"https:\/\/lamariniere.be\/index.php\/wp-json\/wp\/v2\/pages\/1126\/revisions"}],"predecessor-version":[{"id":1195,"href":"https:\/\/lamariniere.be\/index.php\/wp-json\/wp\/v2\/pages\/1126\/revisions\/1195"}],"wp:featuredmedia":[{"embeddable":true,"href":"https:\/\/lamariniere.be\/index.php\/wp-json\/wp\/v2\/media\/625"}],"wp:attachment":[{"href":"https:\/\/lamariniere.be\/index.php\/wp-json\/wp\/v2\/media?parent=1126"}],"curies":[{"name":"wp","href":"https:\/\/api.w.org\/{rel}","templated":true}]}}