{"id":1143,"date":"2025-04-08T01:13:28","date_gmt":"2025-04-07T23:13:28","guid":{"rendered":"https:\/\/lamariniere.be\/?page_id=1143"},"modified":"2025-05-05T22:25:07","modified_gmt":"2025-05-05T20:25:07","slug":"logopedie","status":"publish","type":"page","link":"https:\/\/lamariniere.be\/index.php\/logopedie\/","title":{"rendered":"Logop\u00e9die"},"content":{"rendered":"\t\t<div data-elementor-type=\"wp-page\" data-elementor-id=\"1143\" class=\"elementor elementor-1143\">\n\t\t\t\t<div class=\"elementor-element elementor-element-aa50096 e-flex e-con-boxed e-con e-parent\" data-id=\"aa50096\" data-element_type=\"container\">\n\t\t\t\t\t<div class=\"e-con-inner\">\n\t\t\t\t<div class=\"elementor-element elementor-element-50f5b421 elementor-widget elementor-widget-spacer\" data-id=\"50f5b421\" data-element_type=\"widget\" data-widget_type=\"spacer.default\">\n\t\t\t\t<div class=\"elementor-widget-container\">\n\t\t\t\t\t\t\t<div class=\"elementor-spacer\">\n\t\t\t<div class=\"elementor-spacer-inner\"><\/div>\n\t\t<\/div>\n\t\t\t\t\t\t<\/div>\n\t\t\t\t<\/div>\n\t\t\t\t\t<\/div>\n\t\t\t\t<\/div>\n\t\t<div class=\"elementor-element elementor-element-41fdf35b e-flex e-con-boxed e-con e-parent\" data-id=\"41fdf35b\" data-element_type=\"container\">\n\t\t\t\t\t<div class=\"e-con-inner\">\n\t\t\t\t<div class=\"elementor-element elementor-element-2ff4a671 elementor-widget elementor-widget-heading\" data-id=\"2ff4a671\" data-element_type=\"widget\" data-widget_type=\"heading.default\">\n\t\t\t\t<div class=\"elementor-widget-container\">\n\t\t\t\t\t<h2 class=\"elementor-heading-title elementor-size-default\">La logop\u00e9die<\/h2>\t\t\t\t<\/div>\n\t\t\t\t<\/div>\n\t\t\t\t\t<\/div>\n\t\t\t\t<\/div>\n\t\t<div class=\"elementor-element elementor-element-5da8f5f7 e-flex e-con-boxed e-con e-parent\" data-id=\"5da8f5f7\" data-element_type=\"container\">\n\t\t\t\t\t<div class=\"e-con-inner\">\n\t\t<div class=\"elementor-element elementor-element-2310f64e e-con-full e-flex e-con e-child\" data-id=\"2310f64e\" data-element_type=\"container\">\n\t\t\t\t<\/div>\n\t\t<div class=\"elementor-element elementor-element-58a9fa07 e-con-full e-flex e-con e-child\" data-id=\"58a9fa07\" data-element_type=\"container\">\n\t\t\t\t<div class=\"elementor-element elementor-element-3ad06bba elementor-widget elementor-widget-image\" data-id=\"3ad06bba\" data-element_type=\"widget\" data-widget_type=\"image.default\">\n\t\t\t\t<div class=\"elementor-widget-container\">\n\t\t\t\t\t\t\t\t\t\t\t\t\t\t\t<img fetchpriority=\"high\" decoding=\"async\" width=\"1024\" height=\"1003\" src=\"https:\/\/lamariniere.be\/wp-content\/uploads\/2025\/01\/boy-having-occupational-therapy-session-with-psychologist-1024x1003.jpg\" class=\"attachment-large size-large wp-image-614\" alt=\"\" srcset=\"https:\/\/lamariniere.be\/wp-content\/uploads\/2025\/01\/boy-having-occupational-therapy-session-with-psychologist-1024x1003.jpg 1024w, https:\/\/lamariniere.be\/wp-content\/uploads\/2025\/01\/boy-having-occupational-therapy-session-with-psychologist-300x294.jpg 300w, https:\/\/lamariniere.be\/wp-content\/uploads\/2025\/01\/boy-having-occupational-therapy-session-with-psychologist-768x752.jpg 768w, https:\/\/lamariniere.be\/wp-content\/uploads\/2025\/01\/boy-having-occupational-therapy-session-with-psychologist-1536x1504.jpg 1536w, https:\/\/lamariniere.be\/wp-content\/uploads\/2025\/01\/boy-having-occupational-therapy-session-with-psychologist-2048x2005.jpg 2048w\" sizes=\"(max-width: 1024px) 100vw, 1024px\" \/>\t\t\t\t\t\t\t\t\t\t\t\t\t\t\t<\/div>\n\t\t\t\t<\/div>\n\t\t\t\t<\/div>\n\t\t<div class=\"elementor-element elementor-element-5893c7a e-con-full e-flex e-con e-child\" data-id=\"5893c7a\" data-element_type=\"container\">\n\t\t\t\t<\/div>\n\t\t\t\t\t<\/div>\n\t\t\t\t<\/div>\n\t\t<div class=\"elementor-element elementor-element-56685f67 e-flex e-con-boxed e-con e-parent\" data-id=\"56685f67\" data-element_type=\"container\">\n\t\t\t\t\t<div class=\"e-con-inner\">\n\t\t\t\t<div class=\"elementor-element elementor-element-24532b0a elementor-widget elementor-widget-text-editor\" data-id=\"24532b0a\" data-element_type=\"widget\" data-widget_type=\"text-editor.default\">\n\t\t\t\t<div class=\"elementor-widget-container\">\n\t\t\t\t\t\t\t\t\t<p data-pm-slice=\"1 1 []\">Dans notre centre de sant\u00e9, la logop\u00e9die (orthophonie) s\u2019adresse aux enfants, adolescents et adultes rencontrant des difficult\u00e9s de communication, de langage, de voix ou d\u2019apprentissages. Notre logop\u00e8de vous accueille avec bienveillance pour un accompagnement personnalis\u00e9, adapt\u00e9 aux besoins de chacun.<\/p><p data-pm-slice=\"1 1 []\">\u00a0<\/p><p data-pm-slice=\"1 1 []\">\u00a0<\/p><p><!-- \/wp:paragraph --><!-- wp:heading {\"level\":3} --><\/p>\t\t\t\t\t\t\t\t<\/div>\n\t\t\t\t<\/div>\n\t\t\t\t\t<\/div>\n\t\t\t\t<\/div>\n\t\t<div class=\"elementor-element elementor-element-69741c53 e-con-full e-flex e-con e-parent\" data-id=\"69741c53\" data-element_type=\"container\" data-settings=\"{&quot;background_background&quot;:&quot;classic&quot;}\">\n\t\t\t\t<div class=\"elementor-element elementor-element-112708c2 elementor-widget elementor-widget-text-editor\" data-id=\"112708c2\" data-element_type=\"widget\" data-widget_type=\"text-editor.default\">\n\t\t\t\t<div class=\"elementor-widget-container\">\n\t\t\t\t\t\t\t\t\t<h3 data-pm-slice=\"1 3 []\"><strong>Qu&rsquo;est-ce que la logop\u00e9die ?<\/strong><\/h3><p>\u00a0<\/p><p>La logop\u00e9die est une discipline param\u00e9dicale qui vise \u00e0 pr\u00e9venir, \u00e9valuer et traiter les troubles du langage oral et \u00e9crit, de la communication, de la voix, de la d\u00e9glutition et des apprentissages.<\/p><h5>\u00a0<\/h5><h5><strong>Pour qui ?<\/strong><\/h5><ul data-spread=\"false\"><li><p>Enfants : troubles du langage (retard, dysphasie), troubles articulatoires, b\u00e9gaiement, dyslexie, dysorthographie, troubles des apprentissages<\/p><\/li><li><p>Adolescents : difficult\u00e9s scolaires, troubles de la lecture ou de l\u2019expression \u00e9crite, troubles de la communication<\/p><\/li><li><p>Adultes : r\u00e9\u00e9ducation apr\u00e8s un AVC, troubles de la voix, troubles neurologiques, b\u00e9gaiement<\/p><\/li><\/ul><p><!-- \/wp:paragraph --><\/p>\t\t\t\t\t\t\t\t<\/div>\n\t\t\t\t<\/div>\n\t\t\t\t<\/div>\n\t\t<div class=\"elementor-element elementor-element-3d86eaa0 e-flex e-con-boxed e-con e-parent\" data-id=\"3d86eaa0\" data-element_type=\"container\">\n\t\t\t\t\t<div class=\"e-con-inner\">\n\t\t\t\t<div class=\"elementor-element elementor-element-6722f57f elementor-widget elementor-widget-spacer\" data-id=\"6722f57f\" data-element_type=\"widget\" data-widget_type=\"spacer.default\">\n\t\t\t\t<div class=\"elementor-widget-container\">\n\t\t\t\t\t\t\t<div class=\"elementor-spacer\">\n\t\t\t<div class=\"elementor-spacer-inner\"><\/div>\n\t\t<\/div>\n\t\t\t\t\t\t<\/div>\n\t\t\t\t<\/div>\n\t\t\t\t\t<\/div>\n\t\t\t\t<\/div>\n\t\t<div class=\"elementor-element elementor-element-356b9b65 e-flex e-con-boxed e-con e-parent\" data-id=\"356b9b65\" data-element_type=\"container\">\n\t\t\t\t\t<div class=\"e-con-inner\">\n\t\t\t\t<div class=\"elementor-element elementor-element-3ca555bd elementor-widget elementor-widget-text-editor\" data-id=\"3ca555bd\" data-element_type=\"widget\" data-widget_type=\"text-editor.default\">\n\t\t\t\t<div class=\"elementor-widget-container\">\n\t\t\t\t\t\t\t\t\t<h3 data-pm-slice=\"1 3 []\"><strong>Pourquoi consulter ?<\/strong><\/h3><p>\u00a0<\/p><ul data-spread=\"false\"><li><p>Pour favoriser un d\u00e9veloppement harmonieux du langage et de la communication<\/p><\/li><li><p>Pour surmonter des difficult\u00e9s scolaires ou relationnelles<\/p><\/li><li><p>Pour retrouver une meilleure qualit\u00e9 de vie et d\u2019expression<\/p><\/li><\/ul><p>\u00a0<\/p><p>\u00a0<\/p><ul class=\"wp-block-list\"><!-- \/wp:list-item --><\/ul><p><!-- \/wp:list --><\/p>\t\t\t\t\t\t\t\t<\/div>\n\t\t\t\t<\/div>\n\t\t\t\t\t<\/div>\n\t\t\t\t<\/div>\n\t\t<div class=\"elementor-element elementor-element-7b5796cc e-flex e-con-boxed e-con e-parent\" data-id=\"7b5796cc\" data-element_type=\"container\" data-settings=\"{&quot;background_background&quot;:&quot;classic&quot;}\">\n\t\t\t\t\t<div class=\"e-con-inner\">\n\t\t\t\t<div class=\"elementor-element elementor-element-5d9b1bda elementor-widget elementor-widget-text-editor\" data-id=\"5d9b1bda\" data-element_type=\"widget\" data-widget_type=\"text-editor.default\">\n\t\t\t\t<div class=\"elementor-widget-container\">\n\t\t\t\t\t\t\t\t\t<h3 data-pm-slice=\"1 1 []\"><strong>Un accompagnement ludique, \u00e0 l&rsquo;\u00e9coute de chacun<\/strong><\/h3><p data-pm-slice=\"1 1 []\">\u00a0<\/p><p>Les s\u00e9ances de logop\u00e9die se construisent autour d&rsquo;activit\u00e9s ludiques, interactives et motivantes. Le suivi est adapt\u00e9 \u00e0 l\u2019\u00e2ge, au profil et au rythme de chaque patient, en lien \u00e9troit avec les familles et, si besoin, avec les enseignants et autres professionnels de sant\u00e9.<\/p><p>\u00a0<\/p><p>Prenez rendez-vous pour un bilan logop\u00e9dique et d\u00e9couvrez un accompagnement bienveillant au service de la communication et des apprentissages.<\/p><p><!-- \/wp:paragraph --><\/p>\t\t\t\t\t\t\t\t<\/div>\n\t\t\t\t<\/div>\n\t\t\t\t\t<\/div>\n\t\t\t\t<\/div>\n\t\t<div class=\"elementor-element elementor-element-3a4844c8 e-grid e-con-boxed e-con e-parent\" data-id=\"3a4844c8\" data-element_type=\"container\">\n\t\t\t\t\t<div class=\"e-con-inner\">\n\t\t\t\t<div class=\"elementor-element elementor-element-6bed9ff elementor-widget elementor-widget-image\" data-id=\"6bed9ff\" data-element_type=\"widget\" data-widget_type=\"image.default\">\n\t\t\t\t<div class=\"elementor-widget-container\">\n\t\t\t\t\t\t\t\t\t\t\t\t\t\t\t<img decoding=\"async\" width=\"1024\" height=\"1024\" src=\"https:\/\/lamariniere.be\/wp-content\/uploads\/2024\/09\/IMG_3359-1024x1024.jpeg\" class=\"attachment-large size-large wp-image-560\" alt=\"\" srcset=\"https:\/\/lamariniere.be\/wp-content\/uploads\/2024\/09\/IMG_3359-1024x1024.jpeg 1024w, https:\/\/lamariniere.be\/wp-content\/uploads\/2024\/09\/IMG_3359-300x300.jpeg 300w, https:\/\/lamariniere.be\/wp-content\/uploads\/2024\/09\/IMG_3359-150x150.jpeg 150w, https:\/\/lamariniere.be\/wp-content\/uploads\/2024\/09\/IMG_3359-768x768.jpeg 768w, https:\/\/lamariniere.be\/wp-content\/uploads\/2024\/09\/IMG_3359-160x160.jpeg 160w, https:\/\/lamariniere.be\/wp-content\/uploads\/2024\/09\/IMG_3359.jpeg 1080w\" sizes=\"(max-width: 1024px) 100vw, 1024px\" \/>\t\t\t\t\t\t\t\t\t\t\t\t\t\t\t<\/div>\n\t\t\t\t<\/div>\n\t\t\t\t\t<\/div>\n\t\t\t\t<\/div>\n\t\t<div class=\"elementor-element elementor-element-599f12ce e-grid e-con-boxed e-con e-parent\" data-id=\"599f12ce\" data-element_type=\"container\">\n\t\t\t\t\t<div class=\"e-con-inner\">\n\t\t\t\t<div class=\"elementor-element elementor-element-4f1ad140 elementor-widget elementor-widget-text-editor\" data-id=\"4f1ad140\" data-element_type=\"widget\" data-widget_type=\"text-editor.default\">\n\t\t\t\t<div class=\"elementor-widget-container\">\n\t\t\t\t\t\t\t\t\t<p><strong><a href=\"https:\/\/lamariniere.be\/index.php\/magali-giera-garcia\/\" data-type=\"page\" data-id=\"551\">Magali GIERA GARCIA<\/a><\/strong><\/p>\t\t\t\t\t\t\t\t<\/div>\n\t\t\t\t<\/div>\n\t\t\t\t\t<\/div>\n\t\t\t\t<\/div>\n\t\t<div class=\"elementor-element elementor-element-5434139d e-grid e-con-boxed e-con e-parent\" data-id=\"5434139d\" data-element_type=\"container\">\n\t\t\t\t\t<div class=\"e-con-inner\">\n\t\t\t\t<div class=\"elementor-element elementor-element-325ef084 elementor-align-center elementor-widget elementor-widget-button\" data-id=\"325ef084\" data-element_type=\"widget\" data-widget_type=\"button.default\">\n\t\t\t\t<div class=\"elementor-widget-container\">\n\t\t\t\t\t\t\t\t\t<div class=\"elementor-button-wrapper\">\n\t\t\t\t\t<a class=\"elementor-button elementor-button-link elementor-size-sm\" href=\"https:\/\/rosa.be\/fr\/hp\/magali-giera-garcia\/\">\n\t\t\t\t\t\t<span class=\"elementor-button-content-wrapper\">\n\t\t\t\t\t\t\t\t\t<span class=\"elementor-button-text\">Prendre rendez-vous<\/span>\n\t\t\t\t\t<\/span>\n\t\t\t\t\t<\/a>\n\t\t\t\t<\/div>\n\t\t\t\t\t\t\t\t<\/div>\n\t\t\t\t<\/div>\n\t\t\t\t\t<\/div>\n\t\t\t\t<\/div>\n\t\t<div class=\"elementor-element elementor-element-2781b8e2 e-flex e-con-boxed e-con e-parent\" data-id=\"2781b8e2\" data-element_type=\"container\">\n\t\t\t\t\t<div class=\"e-con-inner\">\n\t\t\t\t<div class=\"elementor-element elementor-element-6364a586 elementor-widget elementor-widget-spacer\" data-id=\"6364a586\" data-element_type=\"widget\" data-widget_type=\"spacer.default\">\n\t\t\t\t<div class=\"elementor-widget-container\">\n\t\t\t\t\t\t\t<div class=\"elementor-spacer\">\n\t\t\t<div class=\"elementor-spacer-inner\"><\/div>\n\t\t<\/div>\n\t\t\t\t\t\t<\/div>\n\t\t\t\t<\/div>\n\t\t\t\t\t<\/div>\n\t\t\t\t<\/div>\n\t\t\t\t<\/div>\n\t\t","protected":false},"excerpt":{"rendered":"<p>La logop\u00e9die Dans notre centre de sant\u00e9, la logop\u00e9die (orthophonie) s\u2019adresse aux enfants, adolescents et adultes rencontrant des difficult\u00e9s de communication, de langage, de voix ou d\u2019apprentissages. Notre logop\u00e8de vous accueille avec bienveillance pour un accompagnement personnalis\u00e9, adapt\u00e9 aux besoins de chacun. \u00a0 \u00a0 Qu&rsquo;est-ce que la logop\u00e9die ? \u00a0 La logop\u00e9die est une discipline [&hellip;]<\/p>\n","protected":false},"author":3,"featured_media":0,"parent":0,"menu_order":0,"comment_status":"closed","ping_status":"closed","template":"","meta":{"footnotes":""},"class_list":["post-1143","page","type-page","status-publish","hentry"],"_links":{"self":[{"href":"https:\/\/lamariniere.be\/index.php\/wp-json\/wp\/v2\/pages\/1143","targetHints":{"allow":["GET"]}}],"collection":[{"href":"https:\/\/lamariniere.be\/index.php\/wp-json\/wp\/v2\/pages"}],"about":[{"href":"https:\/\/lamariniere.be\/index.php\/wp-json\/wp\/v2\/types\/page"}],"author":[{"embeddable":true,"href":"https:\/\/lamariniere.be\/index.php\/wp-json\/wp\/v2\/users\/3"}],"replies":[{"embeddable":true,"href":"https:\/\/lamariniere.be\/index.php\/wp-json\/wp\/v2\/comments?post=1143"}],"version-history":[{"count":10,"href":"https:\/\/lamariniere.be\/index.php\/wp-json\/wp\/v2\/pages\/1143\/revisions"}],"predecessor-version":[{"id":1198,"href":"https:\/\/lamariniere.be\/index.php\/wp-json\/wp\/v2\/pages\/1143\/revisions\/1198"}],"wp:attachment":[{"href":"https:\/\/lamariniere.be\/index.php\/wp-json\/wp\/v2\/media?parent=1143"}],"curies":[{"name":"wp","href":"https:\/\/api.w.org\/{rel}","templated":true}]}}