{"id":1154,"date":"2025-04-08T01:19:31","date_gmt":"2025-04-07T23:19:31","guid":{"rendered":"https:\/\/lamariniere.be\/?page_id=1154"},"modified":"2025-05-05T22:25:30","modified_gmt":"2025-05-05T20:25:30","slug":"ergotherapie","status":"publish","type":"page","link":"https:\/\/lamariniere.be\/index.php\/ergotherapie\/","title":{"rendered":"Ergoth\u00e9rapie"},"content":{"rendered":"\t\t<div data-elementor-type=\"wp-page\" data-elementor-id=\"1154\" class=\"elementor elementor-1154\">\n\t\t\t\t<div class=\"elementor-element elementor-element-5e980cba e-flex e-con-boxed e-con e-parent\" data-id=\"5e980cba\" data-element_type=\"container\">\n\t\t\t\t\t<div class=\"e-con-inner\">\n\t\t\t\t<div class=\"elementor-element elementor-element-4dbae74c elementor-widget elementor-widget-spacer\" data-id=\"4dbae74c\" data-element_type=\"widget\" data-widget_type=\"spacer.default\">\n\t\t\t\t<div class=\"elementor-widget-container\">\n\t\t\t\t\t\t\t<div class=\"elementor-spacer\">\n\t\t\t<div class=\"elementor-spacer-inner\"><\/div>\n\t\t<\/div>\n\t\t\t\t\t\t<\/div>\n\t\t\t\t<\/div>\n\t\t\t\t\t<\/div>\n\t\t\t\t<\/div>\n\t\t<div class=\"elementor-element elementor-element-47d70f6d e-flex e-con-boxed e-con e-parent\" data-id=\"47d70f6d\" data-element_type=\"container\">\n\t\t\t\t\t<div class=\"e-con-inner\">\n\t\t\t\t<div class=\"elementor-element elementor-element-1abb5e66 elementor-widget elementor-widget-heading\" data-id=\"1abb5e66\" data-element_type=\"widget\" data-widget_type=\"heading.default\">\n\t\t\t\t<div class=\"elementor-widget-container\">\n\t\t\t\t\t<h2 class=\"elementor-heading-title elementor-size-default\">Ergoth\u00e9rapie<\/h2>\t\t\t\t<\/div>\n\t\t\t\t<\/div>\n\t\t\t\t\t<\/div>\n\t\t\t\t<\/div>\n\t\t<div class=\"elementor-element elementor-element-274af802 e-flex e-con-boxed e-con e-parent\" data-id=\"274af802\" data-element_type=\"container\">\n\t\t\t\t\t<div class=\"e-con-inner\">\n\t\t<div class=\"elementor-element elementor-element-1e3a0679 e-con-full e-flex e-con e-child\" data-id=\"1e3a0679\" data-element_type=\"container\">\n\t\t\t\t<\/div>\n\t\t<div class=\"elementor-element elementor-element-368d19e8 e-con-full e-flex e-con e-child\" data-id=\"368d19e8\" data-element_type=\"container\">\n\t\t\t\t<div class=\"elementor-element elementor-element-2dbcfe8b elementor-widget elementor-widget-image\" data-id=\"2dbcfe8b\" data-element_type=\"widget\" data-widget_type=\"image.default\">\n\t\t\t\t<div class=\"elementor-widget-container\">\n\t\t\t\t\t\t\t\t\t\t\t\t\t\t\t<img fetchpriority=\"high\" decoding=\"async\" width=\"1024\" height=\"681\" src=\"https:\/\/lamariniere.be\/wp-content\/uploads\/2025\/04\/Capture-decran-2025-04-08-a-01.20.52-1024x681.png\" class=\"attachment-large size-large wp-image-1157\" alt=\"\" srcset=\"https:\/\/lamariniere.be\/wp-content\/uploads\/2025\/04\/Capture-decran-2025-04-08-a-01.20.52-1024x681.png 1024w, https:\/\/lamariniere.be\/wp-content\/uploads\/2025\/04\/Capture-decran-2025-04-08-a-01.20.52-300x200.png 300w, https:\/\/lamariniere.be\/wp-content\/uploads\/2025\/04\/Capture-decran-2025-04-08-a-01.20.52-768x511.png 768w, https:\/\/lamariniere.be\/wp-content\/uploads\/2025\/04\/Capture-decran-2025-04-08-a-01.20.52-1536x1022.png 1536w, https:\/\/lamariniere.be\/wp-content\/uploads\/2025\/04\/Capture-decran-2025-04-08-a-01.20.52.png 1984w\" sizes=\"(max-width: 1024px) 100vw, 1024px\" \/>\t\t\t\t\t\t\t\t\t\t\t\t\t\t\t<\/div>\n\t\t\t\t<\/div>\n\t\t\t\t<\/div>\n\t\t<div class=\"elementor-element elementor-element-4d68dd05 e-con-full e-flex e-con e-child\" data-id=\"4d68dd05\" data-element_type=\"container\">\n\t\t\t\t<\/div>\n\t\t\t\t\t<\/div>\n\t\t\t\t<\/div>\n\t\t<div class=\"elementor-element elementor-element-336a4741 e-flex e-con-boxed e-con e-parent\" data-id=\"336a4741\" data-element_type=\"container\">\n\t\t\t\t\t<div class=\"e-con-inner\">\n\t\t\t\t<div class=\"elementor-element elementor-element-b8b112 elementor-widget elementor-widget-text-editor\" data-id=\"b8b112\" data-element_type=\"widget\" data-widget_type=\"text-editor.default\">\n\t\t\t\t<div class=\"elementor-widget-container\">\n\t\t\t\t\t\t\t\t\t<p data-pm-slice=\"1 1 []\">Au sein de notre centre de sant\u00e9, l&rsquo;ergoth\u00e9rapie est une approche centr\u00e9e sur la personne, qui vise \u00e0 am\u00e9liorer son autonomie et sa qualit\u00e9 de vie. Notre ergoth\u00e9rapeute accompagne les enfants, adultes et seniors dans leurs activit\u00e9s quotidiennes, en tenant compte de leurs capacit\u00e9s, de leurs besoins et de leur environnement.<\/p><p data-pm-slice=\"1 1 []\">\u00a0<\/p><p data-pm-slice=\"1 1 []\">\u00a0<\/p><p><!-- \/wp:paragraph --><!-- wp:heading {\"level\":3} --><\/p>\t\t\t\t\t\t\t\t<\/div>\n\t\t\t\t<\/div>\n\t\t\t\t\t<\/div>\n\t\t\t\t<\/div>\n\t\t<div class=\"elementor-element elementor-element-55dff80f e-con-full e-flex e-con e-parent\" data-id=\"55dff80f\" data-element_type=\"container\" data-settings=\"{&quot;background_background&quot;:&quot;classic&quot;}\">\n\t\t\t\t<div class=\"elementor-element elementor-element-b3692f4 elementor-widget elementor-widget-text-editor\" data-id=\"b3692f4\" data-element_type=\"widget\" data-widget_type=\"text-editor.default\">\n\t\t\t\t<div class=\"elementor-widget-container\">\n\t\t\t\t\t\t\t\t\t<h3 data-pm-slice=\"1 3 []\"><strong>Qu&rsquo;est-ce que l&rsquo;ergoth\u00e9rapie ?<\/strong><\/h3><p>\u00a0<\/p><p>L&rsquo;ergoth\u00e9rapie est une profession param\u00e9dicale qui aide les personnes rencontrant des difficult\u00e9s physiques, cognitives, psychiques ou sociales \u00e0 retrouver une participation active et satisfaisante dans les activit\u00e9s de la vie quotidienne, scolaire, professionnelle ou sociale.<\/p><h5>\u00a0<\/h5><h5><strong>Pour qui ?<\/strong><\/h5><ul data-spread=\"false\"><li><p>Enfants : troubles du d\u00e9veloppement, dyspraxie, troubles des apprentissages, troubles sensoriels, trouble du spectre de l&rsquo;autisme<\/p><\/li><li><p>Adultes : perte d&rsquo;autonomie, pathologies neurologiques, troubles musculo-squelettiques, burn-out<\/p><\/li><li><p>Seniors : pr\u00e9vention des chutes, maintien \u00e0 domicile, stimulation cognitive et physique<\/p><\/li><\/ul><p><!-- \/wp:paragraph --><\/p>\t\t\t\t\t\t\t\t<\/div>\n\t\t\t\t<\/div>\n\t\t\t\t<\/div>\n\t\t<div class=\"elementor-element elementor-element-76aee917 e-flex e-con-boxed e-con e-parent\" data-id=\"76aee917\" data-element_type=\"container\">\n\t\t\t\t\t<div class=\"e-con-inner\">\n\t\t\t\t<div class=\"elementor-element elementor-element-1ea0930c elementor-widget elementor-widget-spacer\" data-id=\"1ea0930c\" data-element_type=\"widget\" data-widget_type=\"spacer.default\">\n\t\t\t\t<div class=\"elementor-widget-container\">\n\t\t\t\t\t\t\t<div class=\"elementor-spacer\">\n\t\t\t<div class=\"elementor-spacer-inner\"><\/div>\n\t\t<\/div>\n\t\t\t\t\t\t<\/div>\n\t\t\t\t<\/div>\n\t\t\t\t\t<\/div>\n\t\t\t\t<\/div>\n\t\t<div class=\"elementor-element elementor-element-7e73f60e e-flex e-con-boxed e-con e-parent\" data-id=\"7e73f60e\" data-element_type=\"container\">\n\t\t\t\t\t<div class=\"e-con-inner\">\n\t\t\t\t<div class=\"elementor-element elementor-element-60c20167 elementor-widget elementor-widget-text-editor\" data-id=\"60c20167\" data-element_type=\"widget\" data-widget_type=\"text-editor.default\">\n\t\t\t\t<div class=\"elementor-widget-container\">\n\t\t\t\t\t\t\t\t\t<h3 data-pm-slice=\"1 3 []\"><strong>Pourquoi consulter ?<\/strong><\/h3><p>\u00a0<\/p><ul data-spread=\"false\"><li><p>Pour retrouver de l&rsquo;autonomie dans les gestes du quotidien (se laver, s&rsquo;habiller, cuisiner, etc.)<\/p><\/li><li><p>Pour am\u00e9liorer les capacit\u00e9s motrices et cognitives<\/p><\/li><li><p>Pour faciliter le maintien ou le retour \u00e0 domicile<\/p><\/li><li><p>Pour compenser un handicap par des am\u00e9nagements ou aides techniques<\/p><\/li><\/ul><p>\u00a0<\/p><ul class=\"wp-block-list\"><!-- \/wp:list-item --><\/ul><p><!-- \/wp:list --><\/p>\t\t\t\t\t\t\t\t<\/div>\n\t\t\t\t<\/div>\n\t\t\t\t\t<\/div>\n\t\t\t\t<\/div>\n\t\t<div class=\"elementor-element elementor-element-3435b35c e-flex e-con-boxed e-con e-parent\" data-id=\"3435b35c\" data-element_type=\"container\" data-settings=\"{&quot;background_background&quot;:&quot;classic&quot;}\">\n\t\t\t\t\t<div class=\"e-con-inner\">\n\t\t\t\t<div class=\"elementor-element elementor-element-441e7b75 elementor-widget elementor-widget-text-editor\" data-id=\"441e7b75\" data-element_type=\"widget\" data-widget_type=\"text-editor.default\">\n\t\t\t\t<div class=\"elementor-widget-container\">\n\t\t\t\t\t\t\t\t\t<h3 data-pm-slice=\"1 1 []\"><strong>Une approche globale et personnalis\u00e9e<\/strong><\/h3><p>\u00a0<\/p><p>L&rsquo;ergoth\u00e9rapeute travaille en lien avec la personne, sa famille et les autres professionnels de sant\u00e9. Les s\u00e9ances sont adapt\u00e9es aux besoins et objectifs de chacun, et peuvent inclure des activit\u00e9s pratiques, des jeux, des conseils d&rsquo;am\u00e9nagement ou des exercices cibl\u00e9s.<\/p><p>\u00a0<\/p><p>Prenez rendez-vous pour un bilan ergoth\u00e9rapeutique et retrouvez plus de confort, d&rsquo;efficacit\u00e9 et d&rsquo;autonomie dans votre quotidien.<\/p><p><!-- \/wp:paragraph --><\/p>\t\t\t\t\t\t\t\t<\/div>\n\t\t\t\t<\/div>\n\t\t\t\t\t<\/div>\n\t\t\t\t<\/div>\n\t\t<div class=\"elementor-element elementor-element-7abc997f e-grid e-con-boxed e-con e-parent\" data-id=\"7abc997f\" data-element_type=\"container\">\n\t\t\t\t\t<div class=\"e-con-inner\">\n\t\t\t\t<div class=\"elementor-element elementor-element-2cc0c0cc elementor-widget elementor-widget-image\" data-id=\"2cc0c0cc\" data-element_type=\"widget\" data-widget_type=\"image.default\">\n\t\t\t\t<div class=\"elementor-widget-container\">\n\t\t\t\t\t\t\t\t\t\t\t\t\t\t\t<img decoding=\"async\" width=\"1024\" height=\"1024\" src=\"https:\/\/lamariniere.be\/wp-content\/uploads\/2024\/09\/Post-instagram-nouveau-Studio-moderne-minimaliste-jaune-noir-blanc-16-1024x1024.png\" class=\"attachment-large size-large wp-image-542\" alt=\"\" srcset=\"https:\/\/lamariniere.be\/wp-content\/uploads\/2024\/09\/Post-instagram-nouveau-Studio-moderne-minimaliste-jaune-noir-blanc-16-1024x1024.png 1024w, https:\/\/lamariniere.be\/wp-content\/uploads\/2024\/09\/Post-instagram-nouveau-Studio-moderne-minimaliste-jaune-noir-blanc-16-300x300.png 300w, https:\/\/lamariniere.be\/wp-content\/uploads\/2024\/09\/Post-instagram-nouveau-Studio-moderne-minimaliste-jaune-noir-blanc-16-150x150.png 150w, https:\/\/lamariniere.be\/wp-content\/uploads\/2024\/09\/Post-instagram-nouveau-Studio-moderne-minimaliste-jaune-noir-blanc-16-768x768.png 768w, https:\/\/lamariniere.be\/wp-content\/uploads\/2024\/09\/Post-instagram-nouveau-Studio-moderne-minimaliste-jaune-noir-blanc-16-160x160.png 160w, https:\/\/lamariniere.be\/wp-content\/uploads\/2024\/09\/Post-instagram-nouveau-Studio-moderne-minimaliste-jaune-noir-blanc-16.png 1080w\" sizes=\"(max-width: 1024px) 100vw, 1024px\" \/>\t\t\t\t\t\t\t\t\t\t\t\t\t\t\t<\/div>\n\t\t\t\t<\/div>\n\t\t\t\t\t<\/div>\n\t\t\t\t<\/div>\n\t\t<div class=\"elementor-element elementor-element-14ccc403 e-grid e-con-boxed e-con e-parent\" data-id=\"14ccc403\" data-element_type=\"container\">\n\t\t\t\t\t<div class=\"e-con-inner\">\n\t\t\t\t<div class=\"elementor-element elementor-element-709b2aa6 elementor-widget elementor-widget-text-editor\" data-id=\"709b2aa6\" data-element_type=\"widget\" data-widget_type=\"text-editor.default\">\n\t\t\t\t<div class=\"elementor-widget-container\">\n\t\t\t\t\t\t\t\t\t<p><strong><a href=\"https:\/\/lamariniere.be\/index.php\/beatrice-mees\/\" data-type=\"page\" data-id=\"317\">B\u00e9atrice MEES<\/a><\/strong><\/p>\t\t\t\t\t\t\t\t<\/div>\n\t\t\t\t<\/div>\n\t\t\t\t\t<\/div>\n\t\t\t\t<\/div>\n\t\t<div class=\"elementor-element elementor-element-4230337b e-grid e-con-boxed e-con e-parent\" data-id=\"4230337b\" data-element_type=\"container\">\n\t\t\t\t\t<div class=\"e-con-inner\">\n\t\t\t\t<div class=\"elementor-element elementor-element-2bd74968 elementor-align-center elementor-widget elementor-widget-button\" data-id=\"2bd74968\" data-element_type=\"widget\" data-widget_type=\"button.default\">\n\t\t\t\t<div class=\"elementor-widget-container\">\n\t\t\t\t\t\t\t\t\t<div class=\"elementor-button-wrapper\">\n\t\t\t\t\t<a class=\"elementor-button elementor-button-link elementor-size-sm\" href=\"https:\/\/rosa.be\/fr\/hp\/beatrice-mees\/\">\n\t\t\t\t\t\t<span class=\"elementor-button-content-wrapper\">\n\t\t\t\t\t\t\t\t\t<span class=\"elementor-button-text\">Prendre rendez-vous<\/span>\n\t\t\t\t\t<\/span>\n\t\t\t\t\t<\/a>\n\t\t\t\t<\/div>\n\t\t\t\t\t\t\t\t<\/div>\n\t\t\t\t<\/div>\n\t\t\t\t\t<\/div>\n\t\t\t\t<\/div>\n\t\t<div class=\"elementor-element elementor-element-1401fc4c e-flex e-con-boxed e-con e-parent\" data-id=\"1401fc4c\" data-element_type=\"container\">\n\t\t\t\t\t<div class=\"e-con-inner\">\n\t\t\t\t<div class=\"elementor-element elementor-element-280b63c6 elementor-widget elementor-widget-spacer\" data-id=\"280b63c6\" data-element_type=\"widget\" data-widget_type=\"spacer.default\">\n\t\t\t\t<div class=\"elementor-widget-container\">\n\t\t\t\t\t\t\t<div class=\"elementor-spacer\">\n\t\t\t<div class=\"elementor-spacer-inner\"><\/div>\n\t\t<\/div>\n\t\t\t\t\t\t<\/div>\n\t\t\t\t<\/div>\n\t\t\t\t\t<\/div>\n\t\t\t\t<\/div>\n\t\t\t\t<\/div>\n\t\t","protected":false},"excerpt":{"rendered":"<p>Ergoth\u00e9rapie Au sein de notre centre de sant\u00e9, l&rsquo;ergoth\u00e9rapie est une approche centr\u00e9e sur la personne, qui vise \u00e0 am\u00e9liorer son autonomie et sa qualit\u00e9 de vie. Notre ergoth\u00e9rapeute accompagne les enfants, adultes et seniors dans leurs activit\u00e9s quotidiennes, en tenant compte de leurs capacit\u00e9s, de leurs besoins et de leur environnement. \u00a0 \u00a0 Qu&rsquo;est-ce [&hellip;]<\/p>\n","protected":false},"author":3,"featured_media":0,"parent":0,"menu_order":0,"comment_status":"closed","ping_status":"closed","template":"","meta":{"footnotes":""},"class_list":["post-1154","page","type-page","status-publish","hentry"],"_links":{"self":[{"href":"https:\/\/lamariniere.be\/index.php\/wp-json\/wp\/v2\/pages\/1154","targetHints":{"allow":["GET"]}}],"collection":[{"href":"https:\/\/lamariniere.be\/index.php\/wp-json\/wp\/v2\/pages"}],"about":[{"href":"https:\/\/lamariniere.be\/index.php\/wp-json\/wp\/v2\/types\/page"}],"author":[{"embeddable":true,"href":"https:\/\/lamariniere.be\/index.php\/wp-json\/wp\/v2\/users\/3"}],"replies":[{"embeddable":true,"href":"https:\/\/lamariniere.be\/index.php\/wp-json\/wp\/v2\/comments?post=1154"}],"version-history":[{"count":7,"href":"https:\/\/lamariniere.be\/index.php\/wp-json\/wp\/v2\/pages\/1154\/revisions"}],"predecessor-version":[{"id":1201,"href":"https:\/\/lamariniere.be\/index.php\/wp-json\/wp\/v2\/pages\/1154\/revisions\/1201"}],"wp:attachment":[{"href":"https:\/\/lamariniere.be\/index.php\/wp-json\/wp\/v2\/media?parent=1154"}],"curies":[{"name":"wp","href":"https:\/\/api.w.org\/{rel}","templated":true}]}}