{"id":478,"date":"2024-06-04T15:54:56","date_gmt":"2024-06-04T13:54:56","guid":{"rendered":"https:\/\/lamariniere.be\/?page_id=478"},"modified":"2025-02-17T13:23:17","modified_gmt":"2025-02-17T12:23:17","slug":"celine-vilaine","status":"publish","type":"page","link":"https:\/\/lamariniere.be\/index.php\/celine-vilaine\/","title":{"rendered":"C\u00e9line VILAINE"},"content":{"rendered":"\n<p>Je suis psychologue clinicienne, sp\u00e9cialis\u00e9e dans l&rsquo;enfance et la parentalit\u00e9. Je propose \u00e0 l&rsquo;enfant et sa famille un espace s\u00e9curisant et bienveillant o\u00f9 nous cherchons ensemble \u00e0 mobiliser les ressources personnelles et familiales pour d\u00e9passer les difficult\u00e9s. J&rsquo;utilise diff\u00e9rents outils adapt\u00e9s aux besoins de chacun, comme la th\u00e9rapie par le jeu.<\/p>\n","protected":false},"excerpt":{"rendered":"<p>Je suis psychologue clinicienne, sp\u00e9cialis\u00e9e dans l&rsquo;enfance et la parentalit\u00e9. Je propose \u00e0 l&rsquo;enfant et sa famille un espace s\u00e9curisant et bienveillant o\u00f9 nous cherchons ensemble \u00e0 mobiliser les ressources personnelles et familiales pour d\u00e9passer les difficult\u00e9s. J&rsquo;utilise diff\u00e9rents outils adapt\u00e9s aux besoins de chacun, comme la th\u00e9rapie par le jeu.<\/p>\n","protected":false},"author":1,"featured_media":0,"parent":0,"menu_order":0,"comment_status":"closed","ping_status":"closed","template":"","meta":{"footnotes":""},"class_list":["post-478","page","type-page","status-publish","hentry"],"_links":{"self":[{"href":"https:\/\/lamariniere.be\/index.php\/wp-json\/wp\/v2\/pages\/478","targetHints":{"allow":["GET"]}}],"collection":[{"href":"https:\/\/lamariniere.be\/index.php\/wp-json\/wp\/v2\/pages"}],"about":[{"href":"https:\/\/lamariniere.be\/index.php\/wp-json\/wp\/v2\/types\/page"}],"author":[{"embeddable":true,"href":"https:\/\/lamariniere.be\/index.php\/wp-json\/wp\/v2\/users\/1"}],"replies":[{"embeddable":true,"href":"https:\/\/lamariniere.be\/index.php\/wp-json\/wp\/v2\/comments?post=478"}],"version-history":[{"count":2,"href":"https:\/\/lamariniere.be\/index.php\/wp-json\/wp\/v2\/pages\/478\/revisions"}],"predecessor-version":[{"id":686,"href":"https:\/\/lamariniere.be\/index.php\/wp-json\/wp\/v2\/pages\/478\/revisions\/686"}],"wp:attachment":[{"href":"https:\/\/lamariniere.be\/index.php\/wp-json\/wp\/v2\/media?parent=478"}],"curies":[{"name":"wp","href":"https:\/\/api.w.org\/{rel}","templated":true}]}}