{"id":548,"date":"2024-09-04T20:33:33","date_gmt":"2024-09-04T18:33:33","guid":{"rendered":"https:\/\/lamariniere.be\/?page_id=548"},"modified":"2024-09-04T20:45:40","modified_gmt":"2024-09-04T18:45:40","slug":"beatrice-mees","status":"publish","type":"page","link":"https:\/\/lamariniere.be\/index.php\/beatrice-mees\/","title":{"rendered":"B\u00e9atrice MEES"},"content":{"rendered":"\n<h4 class=\"wp-block-heading\">La pratique de l&rsquo;ergoth\u00e9rapie<\/h4>\n\n\n\n<p>L&rsquo;ergoth\u00e9rapeute est le professionnel de la sant\u00e9 qui accompagne la personne et son entourage afin de relever les d\u00e9fis du quotidien.<\/p>\n\n\n\n<h4 class=\"wp-block-heading\">Am\u00e9lioration de la qualit\u00e9 de vie<\/h4>\n\n\n\n<ul class=\"wp-block-list\">\n<li>Les activit\u00e9s de la vie journali\u00e8re: se laver, s&rsquo;habiller, s&rsquo;alimenter,&#8230;<\/li>\n\n\n\n<li>La marche, les d\u00e9placements, l&rsquo;\u00e9quilibre,&#8230;<\/li>\n\n\n\n<li>Les apprentissages scolaires<\/li>\n\n\n\n<li>Les conseils d&rsquo;am\u00e9nagement du domicile<\/li>\n\n\n\n<li>Les loisirs<\/li>\n\n\n\n<li>&#8230;<\/li>\n<\/ul>\n","protected":false},"excerpt":{"rendered":"<p>La pratique de l&rsquo;ergoth\u00e9rapie L&rsquo;ergoth\u00e9rapeute est le professionnel de la sant\u00e9 qui accompagne la personne et son entourage afin de relever les d\u00e9fis du quotidien. Am\u00e9lioration de la qualit\u00e9 de vie<\/p>\n","protected":false},"author":1,"featured_media":0,"parent":0,"menu_order":0,"comment_status":"closed","ping_status":"closed","template":"","meta":{"footnotes":""},"class_list":["post-548","page","type-page","status-publish","hentry"],"_links":{"self":[{"href":"https:\/\/lamariniere.be\/index.php\/wp-json\/wp\/v2\/pages\/548","targetHints":{"allow":["GET"]}}],"collection":[{"href":"https:\/\/lamariniere.be\/index.php\/wp-json\/wp\/v2\/pages"}],"about":[{"href":"https:\/\/lamariniere.be\/index.php\/wp-json\/wp\/v2\/types\/page"}],"author":[{"embeddable":true,"href":"https:\/\/lamariniere.be\/index.php\/wp-json\/wp\/v2\/users\/1"}],"replies":[{"embeddable":true,"href":"https:\/\/lamariniere.be\/index.php\/wp-json\/wp\/v2\/comments?post=548"}],"version-history":[{"count":3,"href":"https:\/\/lamariniere.be\/index.php\/wp-json\/wp\/v2\/pages\/548\/revisions"}],"predecessor-version":[{"id":556,"href":"https:\/\/lamariniere.be\/index.php\/wp-json\/wp\/v2\/pages\/548\/revisions\/556"}],"wp:attachment":[{"href":"https:\/\/lamariniere.be\/index.php\/wp-json\/wp\/v2\/media?parent=548"}],"curies":[{"name":"wp","href":"https:\/\/api.w.org\/{rel}","templated":true}]}}