{"id":573,"date":"2024-11-20T13:30:07","date_gmt":"2024-11-20T12:30:07","guid":{"rendered":"https:\/\/lamariniere.be\/?page_id=573"},"modified":"2024-11-20T13:38:57","modified_gmt":"2024-11-20T12:38:57","slug":"astrid","status":"publish","type":"page","link":"https:\/\/lamariniere.be\/index.php\/astrid\/","title":{"rendered":"Astrid NIEDDU"},"content":{"rendered":"\n<p>Psychologue L\u00e9gale<\/p>\n\n\n\n<p>En tant que psychologue l\u00e9gale, je suis \u00e9galement form\u00e9e \u00e0 l&rsquo;\u00e9valuation des risques de r\u00e9cidive, en utilisant des outils sp\u00e9cifiques tels que la VRAG-R et la SAPROF. Ces outils me permettent de fournir une analyse fine des comportements \u00e0 risque, contribuant ainsi \u00e0 une gestion adapt\u00e9e des parcours judiciaires et th\u00e9rapeutiques.<br><\/p>\n\n\n\n<p>Dipl\u00f4m\u00e9e en sciences psychologiques et titulaire d&rsquo;un visa de psychologue, je suis sp\u00e9cialis\u00e9e dans l&rsquo;accompagnement des adolescents et des adultes sous mandat judiciaire. Mon expertise s&rsquo;articule principalement autour de l&rsquo;intervention aupr\u00e8s de publics dits \u00ab\u00a0\u00e0 risque\u00a0\u00bb, notamment les auteurs d&rsquo;infractions \u00e0 caract\u00e8re sexuel (AICS) et les personnes souffrant de troubles li\u00e9s \u00e0 la d\u00e9pendance (alcool, drogues). Je travaille \u00e9galement avec les victimes de ces infractions.<br><\/p>\n\n\n\n<p>Mon approche clinique int\u00e8gre des outils th\u00e9rapeutiques personnalis\u00e9s et adapt\u00e9s \u00e0 chaque individu. Je porte une attention particuli\u00e8re \u00e0 la gestion des \u00e9motions, aspect essentiel dans la r\u00e9habilitation et la pr\u00e9vention de la r\u00e9cidive. Parall\u00e8lement, j&rsquo;interviens \u00e9galement sur des probl\u00e9matiques telles que le Burnout, que ce soit dans un contexte judiciaire ou en clinique g\u00e9n\u00e9rale.<br><\/p>\n\n\n\n<p>Mon objectif est d&rsquo;offrir un espace d&rsquo;\u00e9coute et de soutien, tout en fournissant des outils concrets pour aider mes patients \u00e0 se reconstruire et \u00e0 comprendre leurs comportements. J&rsquo;accompagne chaque personne dans la mise en place de strat\u00e9gies adapt\u00e9es \u00e0 leurs besoins, avec une approche pluridisciplinaire lorsque n\u00e9cessaire.<br><\/p>\n\n\n\n<p>Que ce soit dans le cadre judiciaire ou en clinique g\u00e9n\u00e9rale, je m&rsquo;engage \u00e0 offrir un suivi personnalis\u00e9, \u00e9thique et respectueux du parcours de chacun.<\/p>\n","protected":false},"excerpt":{"rendered":"<p>Psychologue L\u00e9gale En tant que psychologue l\u00e9gale, je suis \u00e9galement form\u00e9e \u00e0 l&rsquo;\u00e9valuation des risques de r\u00e9cidive, en utilisant des outils sp\u00e9cifiques tels que la VRAG-R et la SAPROF. Ces outils me permettent de fournir une analyse fine des comportements \u00e0 risque, contribuant ainsi \u00e0 une gestion adapt\u00e9e des parcours judiciaires et th\u00e9rapeutiques. Dipl\u00f4m\u00e9e en [&hellip;]<\/p>\n","protected":false},"author":1,"featured_media":0,"parent":0,"menu_order":0,"comment_status":"closed","ping_status":"closed","template":"","meta":{"footnotes":""},"class_list":["post-573","page","type-page","status-publish","hentry"],"_links":{"self":[{"href":"https:\/\/lamariniere.be\/index.php\/wp-json\/wp\/v2\/pages\/573","targetHints":{"allow":["GET"]}}],"collection":[{"href":"https:\/\/lamariniere.be\/index.php\/wp-json\/wp\/v2\/pages"}],"about":[{"href":"https:\/\/lamariniere.be\/index.php\/wp-json\/wp\/v2\/types\/page"}],"author":[{"embeddable":true,"href":"https:\/\/lamariniere.be\/index.php\/wp-json\/wp\/v2\/users\/1"}],"replies":[{"embeddable":true,"href":"https:\/\/lamariniere.be\/index.php\/wp-json\/wp\/v2\/comments?post=573"}],"version-history":[{"count":3,"href":"https:\/\/lamariniere.be\/index.php\/wp-json\/wp\/v2\/pages\/573\/revisions"}],"predecessor-version":[{"id":580,"href":"https:\/\/lamariniere.be\/index.php\/wp-json\/wp\/v2\/pages\/573\/revisions\/580"}],"wp:attachment":[{"href":"https:\/\/lamariniere.be\/index.php\/wp-json\/wp\/v2\/media?parent=573"}],"curies":[{"name":"wp","href":"https:\/\/api.w.org\/{rel}","templated":true}]}}