{"id":648,"date":"2025-04-07T00:22:37","date_gmt":"2025-04-06T22:22:37","guid":{"rendered":"https:\/\/lamariniere.be\/?page_id=648"},"modified":"2025-09-09T14:09:15","modified_gmt":"2025-09-09T12:09:15","slug":"dietetique-by-mist","status":"publish","type":"page","link":"https:\/\/lamariniere.be\/index.php\/dietetique-by-mist\/","title":{"rendered":"Di\u00e9t\u00e9tique &#8211; By Mist."},"content":{"rendered":"\t\t<div data-elementor-type=\"wp-page\" data-elementor-id=\"648\" class=\"elementor elementor-648\">\n\t\t\t\t<div class=\"elementor-element elementor-element-ee7c3c1 e-flex e-con-boxed e-con e-parent\" data-id=\"ee7c3c1\" data-element_type=\"container\">\n\t\t\t\t\t<div class=\"e-con-inner\">\n\t\t\t\t<div class=\"elementor-element elementor-element-625e9d5 elementor-widget elementor-widget-spacer\" data-id=\"625e9d5\" data-element_type=\"widget\" data-widget_type=\"spacer.default\">\n\t\t\t\t<div class=\"elementor-widget-container\">\n\t\t\t\t\t\t\t<div class=\"elementor-spacer\">\n\t\t\t<div class=\"elementor-spacer-inner\"><\/div>\n\t\t<\/div>\n\t\t\t\t\t\t<\/div>\n\t\t\t\t<\/div>\n\t\t\t\t\t<\/div>\n\t\t\t\t<\/div>\n\t\t<div class=\"elementor-element elementor-element-231d4c07 e-flex e-con-boxed e-con e-parent\" data-id=\"231d4c07\" data-element_type=\"container\">\n\t\t\t\t\t<div class=\"e-con-inner\">\n\t\t\t\t<div class=\"elementor-element elementor-element-34c35414 elementor-widget elementor-widget-heading\" data-id=\"34c35414\" data-element_type=\"widget\" data-widget_type=\"heading.default\">\n\t\t\t\t<div class=\"elementor-widget-container\">\n\t\t\t\t\t<h2 class=\"elementor-heading-title elementor-size-default\">La di\u00e9t\u00e9tique<\/h2>\t\t\t\t<\/div>\n\t\t\t\t<\/div>\n\t\t\t\t\t<\/div>\n\t\t\t\t<\/div>\n\t\t<div class=\"elementor-element elementor-element-45d866f1 e-flex e-con-boxed e-con e-parent\" data-id=\"45d866f1\" data-element_type=\"container\">\n\t\t\t\t\t<div class=\"e-con-inner\">\n\t\t<div class=\"elementor-element elementor-element-16f6d0c9 e-con-full e-flex e-con e-child\" data-id=\"16f6d0c9\" data-element_type=\"container\">\n\t\t\t\t<\/div>\n\t\t<div class=\"elementor-element elementor-element-7df15014 e-con-full e-flex e-con e-child\" data-id=\"7df15014\" data-element_type=\"container\">\n\t\t\t\t<div class=\"elementor-element elementor-element-118cee0d elementor-widget elementor-widget-image\" data-id=\"118cee0d\" data-element_type=\"widget\" data-widget_type=\"image.default\">\n\t\t\t\t<div class=\"elementor-widget-container\">\n\t\t\t\t\t\t\t\t\t\t\t\t\t\t\t<img fetchpriority=\"high\" decoding=\"async\" width=\"1024\" height=\"1024\" src=\"https:\/\/lamariniere.be\/wp-content\/uploads\/2025\/01\/beautiful-girl-make-salad-sporty-blonde-kitchen-woman-holding-weights-her-hands-scaled-e1740406537594-1024x1024.jpg\" class=\"attachment-large size-large wp-image-626\" alt=\"\" srcset=\"https:\/\/lamariniere.be\/wp-content\/uploads\/2025\/01\/beautiful-girl-make-salad-sporty-blonde-kitchen-woman-holding-weights-her-hands-scaled-e1740406537594-1024x1024.jpg 1024w, https:\/\/lamariniere.be\/wp-content\/uploads\/2025\/01\/beautiful-girl-make-salad-sporty-blonde-kitchen-woman-holding-weights-her-hands-scaled-e1740406537594-300x300.jpg 300w, https:\/\/lamariniere.be\/wp-content\/uploads\/2025\/01\/beautiful-girl-make-salad-sporty-blonde-kitchen-woman-holding-weights-her-hands-scaled-e1740406537594-150x150.jpg 150w, https:\/\/lamariniere.be\/wp-content\/uploads\/2025\/01\/beautiful-girl-make-salad-sporty-blonde-kitchen-woman-holding-weights-her-hands-scaled-e1740406537594-768x768.jpg 768w, https:\/\/lamariniere.be\/wp-content\/uploads\/2025\/01\/beautiful-girl-make-salad-sporty-blonde-kitchen-woman-holding-weights-her-hands-scaled-e1740406537594-1536x1536.jpg 1536w, https:\/\/lamariniere.be\/wp-content\/uploads\/2025\/01\/beautiful-girl-make-salad-sporty-blonde-kitchen-woman-holding-weights-her-hands-scaled-e1740406537594-160x160.jpg 160w, https:\/\/lamariniere.be\/wp-content\/uploads\/2025\/01\/beautiful-girl-make-salad-sporty-blonde-kitchen-woman-holding-weights-her-hands-scaled-e1740406537594.jpg 1707w\" sizes=\"(max-width: 1024px) 100vw, 1024px\" \/>\t\t\t\t\t\t\t\t\t\t\t\t\t\t\t<\/div>\n\t\t\t\t<\/div>\n\t\t\t\t<\/div>\n\t\t<div class=\"elementor-element elementor-element-2f4a5183 e-con-full e-flex e-con e-child\" data-id=\"2f4a5183\" data-element_type=\"container\">\n\t\t\t\t<\/div>\n\t\t\t\t\t<\/div>\n\t\t\t\t<\/div>\n\t\t<div class=\"elementor-element elementor-element-16820819 e-flex e-con-boxed e-con e-parent\" data-id=\"16820819\" data-element_type=\"container\">\n\t\t\t\t\t<div class=\"e-con-inner\">\n\t\t\t\t<div class=\"elementor-element elementor-element-78c1e524 elementor-widget elementor-widget-text-editor\" data-id=\"78c1e524\" data-element_type=\"widget\" data-widget_type=\"text-editor.default\">\n\t\t\t\t<div class=\"elementor-widget-container\">\n\t\t\t\t\t\t\t\t\t<p>A l&rsquo;Espace Sant\u00e9 La Marini\u00e8re, vous pouvez trouver de la di\u00e9t\u00e9tique g\u00e9n\u00e9rale et p\u00e9diatrique\u00a0<\/p>\n<p><!-- \/wp:paragraph --><!-- wp:heading {\"level\":3} --><\/p>\t\t\t\t\t\t\t\t<\/div>\n\t\t\t\t<\/div>\n\t\t\t\t\t<\/div>\n\t\t\t\t<\/div>\n\t\t<div class=\"elementor-element elementor-element-7dfe2410 e-con-full e-flex e-con e-parent\" data-id=\"7dfe2410\" data-element_type=\"container\" data-settings=\"{&quot;background_background&quot;:&quot;classic&quot;}\">\n\t\t\t\t<div class=\"elementor-element elementor-element-546cf045 elementor-widget elementor-widget-text-editor\" data-id=\"546cf045\" data-element_type=\"widget\" data-widget_type=\"text-editor.default\">\n\t\t\t\t<div class=\"elementor-widget-container\">\n\t\t\t\t\t\t\t\t\t<h3 class=\"wp-block-heading\">La di\u00e9t\u00e9tique g\u00e9n\u00e9rale<\/h3>\n<p><!-- \/wp:heading --><!-- wp:paragraph --><\/p>\n<p>\u00a0<\/p>\n<p>La di\u00e9t\u00e9tique est une discipline qui vise \u00e0 promouvoir une alimentation \u00e9quilibr\u00e9e et adapt\u00e9e aux besoins sp\u00e9cifiques de chaque individu. Elle joue un r\u00f4le cl\u00e9 dans la pr\u00e9vention et la gestion de nombreuses pathologies, telles que les maladies cardiovasculaires, le diab\u00e8te ou l&rsquo;ob\u00e9sit\u00e9. En travaillant sur l\u2019\u00e9quilibre nutritionnel, la di\u00e9t\u00e9ticienne \u00e9tablit des plans alimentaires personnalis\u00e9s, en tenant compte des pr\u00e9f\u00e9rences, des contraintes et des objectifs de sant\u00e9 de chaque personne. L\u2019objectif est de maintenir ou d&rsquo;am\u00e9liorer l\u2019\u00e9tat de sant\u00e9 \u00e0 travers une alimentation vari\u00e9e, de qualit\u00e9 et en quantit\u00e9 appropri\u00e9e, tout en encourageant des habitudes alimentaires durables et respectueuses du corps.<\/p>\n<p><!-- \/wp:paragraph --><\/p>\t\t\t\t\t\t\t\t<\/div>\n\t\t\t\t<\/div>\n\t\t\t\t<\/div>\n\t\t<div class=\"elementor-element elementor-element-658ded80 e-grid e-con-boxed e-con e-parent\" data-id=\"658ded80\" data-element_type=\"container\">\n\t\t\t\t\t<div class=\"e-con-inner\">\n\t\t\t\t<div class=\"elementor-element elementor-element-a75e0da elementor-widget elementor-widget-spacer\" data-id=\"a75e0da\" data-element_type=\"widget\" data-widget_type=\"spacer.default\">\n\t\t\t\t<div class=\"elementor-widget-container\">\n\t\t\t\t\t\t\t<div class=\"elementor-spacer\">\n\t\t\t<div class=\"elementor-spacer-inner\"><\/div>\n\t\t<\/div>\n\t\t\t\t\t\t<\/div>\n\t\t\t\t<\/div>\n\t\t\t\t<div class=\"elementor-element elementor-element-210985e0 elementor-widget elementor-widget-image\" data-id=\"210985e0\" data-element_type=\"widget\" data-widget_type=\"image.default\">\n\t\t\t\t<div class=\"elementor-widget-container\">\n\t\t\t\t\t\t\t\t\t\t\t\t\t\t\t<img decoding=\"async\" width=\"1024\" height=\"1024\" src=\"https:\/\/lamariniere.be\/wp-content\/uploads\/2023\/07\/mariniere_blue_large-1024x1024.png\" class=\"attachment-large size-large wp-image-150\" alt=\"\" srcset=\"https:\/\/lamariniere.be\/wp-content\/uploads\/2023\/07\/mariniere_blue_large-1024x1024.png 1024w, https:\/\/lamariniere.be\/wp-content\/uploads\/2023\/07\/mariniere_blue_large-300x300.png 300w, https:\/\/lamariniere.be\/wp-content\/uploads\/2023\/07\/mariniere_blue_large-150x150.png 150w, https:\/\/lamariniere.be\/wp-content\/uploads\/2023\/07\/mariniere_blue_large-768x768.png 768w, https:\/\/lamariniere.be\/wp-content\/uploads\/2023\/07\/mariniere_blue_large-1536x1536.png 1536w, https:\/\/lamariniere.be\/wp-content\/uploads\/2023\/07\/mariniere_blue_large-2048x2048.png 2048w, https:\/\/lamariniere.be\/wp-content\/uploads\/2023\/07\/mariniere_blue_large-160x160.png 160w\" sizes=\"(max-width: 1024px) 100vw, 1024px\" \/>\t\t\t\t\t\t\t\t\t\t\t\t\t\t\t<\/div>\n\t\t\t\t<\/div>\n\t\t\t\t<div class=\"elementor-element elementor-element-f859ada elementor-widget elementor-widget-spacer\" data-id=\"f859ada\" data-element_type=\"widget\" data-widget_type=\"spacer.default\">\n\t\t\t\t<div class=\"elementor-widget-container\">\n\t\t\t\t\t\t\t<div class=\"elementor-spacer\">\n\t\t\t<div class=\"elementor-spacer-inner\"><\/div>\n\t\t<\/div>\n\t\t\t\t\t\t<\/div>\n\t\t\t\t<\/div>\n\t\t\t\t\t<\/div>\n\t\t\t\t<\/div>\n\t\t<div class=\"elementor-element elementor-element-1d92305e e-grid e-con-boxed e-con e-parent\" data-id=\"1d92305e\" data-element_type=\"container\">\n\t\t\t\t\t<div class=\"e-con-inner\">\n\t\t\t\t<div class=\"elementor-element elementor-element-f5ac49b elementor-widget elementor-widget-spacer\" data-id=\"f5ac49b\" data-element_type=\"widget\" data-widget_type=\"spacer.default\">\n\t\t\t\t<div class=\"elementor-widget-container\">\n\t\t\t\t\t\t\t<div class=\"elementor-spacer\">\n\t\t\t<div class=\"elementor-spacer-inner\"><\/div>\n\t\t<\/div>\n\t\t\t\t\t\t<\/div>\n\t\t\t\t<\/div>\n\t\t\t\t<div class=\"elementor-element elementor-element-6105c4a0 elementor-widget elementor-widget-text-editor\" data-id=\"6105c4a0\" data-element_type=\"widget\" data-widget_type=\"text-editor.default\">\n\t\t\t\t<div class=\"elementor-widget-container\">\n\t\t\t\t\t\t\t\t\t<p><a href=\"https:\/\/lamariniere.be\/index.php\/poste-a-pourvoir\/\">Poste \u00e0 pourvoir<\/a><\/p>\t\t\t\t\t\t\t\t<\/div>\n\t\t\t\t<\/div>\n\t\t\t\t<div class=\"elementor-element elementor-element-69729fe elementor-widget elementor-widget-spacer\" data-id=\"69729fe\" data-element_type=\"widget\" data-widget_type=\"spacer.default\">\n\t\t\t\t<div class=\"elementor-widget-container\">\n\t\t\t\t\t\t\t<div class=\"elementor-spacer\">\n\t\t\t<div class=\"elementor-spacer-inner\"><\/div>\n\t\t<\/div>\n\t\t\t\t\t\t<\/div>\n\t\t\t\t<\/div>\n\t\t\t\t\t<\/div>\n\t\t\t\t<\/div>\n\t\t<div class=\"elementor-element elementor-element-72b176a0 e-grid e-con-boxed e-con e-parent\" data-id=\"72b176a0\" data-element_type=\"container\">\n\t\t\t\t\t<div class=\"e-con-inner\">\n\t\t\t\t<div class=\"elementor-element elementor-element-26d8200 elementor-widget elementor-widget-spacer\" data-id=\"26d8200\" data-element_type=\"widget\" data-widget_type=\"spacer.default\">\n\t\t\t\t<div class=\"elementor-widget-container\">\n\t\t\t\t\t\t\t<div class=\"elementor-spacer\">\n\t\t\t<div class=\"elementor-spacer-inner\"><\/div>\n\t\t<\/div>\n\t\t\t\t\t\t<\/div>\n\t\t\t\t<\/div>\n\t\t\t\t<div class=\"elementor-element elementor-element-4643dab8 elementor-align-center elementor-widget elementor-widget-button\" data-id=\"4643dab8\" data-element_type=\"widget\" data-widget_type=\"button.default\">\n\t\t\t\t<div class=\"elementor-widget-container\">\n\t\t\t\t\t\t\t\t\t<div class=\"elementor-button-wrapper\">\n\t\t\t\t\t<a class=\"elementor-button elementor-button-link elementor-size-sm\" href=\"https:\/\/lamariniere.be\/index.php\/poste-a-pourvoir\/\">\n\t\t\t\t\t\t<span class=\"elementor-button-content-wrapper\">\n\t\t\t\t\t\t\t\t\t<span class=\"elementor-button-text\">Cliquez ici<\/span>\n\t\t\t\t\t<\/span>\n\t\t\t\t\t<\/a>\n\t\t\t\t<\/div>\n\t\t\t\t\t\t\t\t<\/div>\n\t\t\t\t<\/div>\n\t\t\t\t<div class=\"elementor-element elementor-element-3ba5607 elementor-widget elementor-widget-spacer\" data-id=\"3ba5607\" data-element_type=\"widget\" data-widget_type=\"spacer.default\">\n\t\t\t\t<div class=\"elementor-widget-container\">\n\t\t\t\t\t\t\t<div class=\"elementor-spacer\">\n\t\t\t<div class=\"elementor-spacer-inner\"><\/div>\n\t\t<\/div>\n\t\t\t\t\t\t<\/div>\n\t\t\t\t<\/div>\n\t\t\t\t\t<\/div>\n\t\t\t\t<\/div>\n\t\t<div class=\"elementor-element elementor-element-40a420da e-flex e-con-boxed e-con e-parent\" data-id=\"40a420da\" data-element_type=\"container\">\n\t\t\t\t\t<div class=\"e-con-inner\">\n\t\t\t\t<div class=\"elementor-element elementor-element-54a4d290 elementor-widget elementor-widget-spacer\" data-id=\"54a4d290\" data-element_type=\"widget\" data-widget_type=\"spacer.default\">\n\t\t\t\t<div class=\"elementor-widget-container\">\n\t\t\t\t\t\t\t<div class=\"elementor-spacer\">\n\t\t\t<div class=\"elementor-spacer-inner\"><\/div>\n\t\t<\/div>\n\t\t\t\t\t\t<\/div>\n\t\t\t\t<\/div>\n\t\t\t\t\t<\/div>\n\t\t\t\t<\/div>\n\t\t<div class=\"elementor-element elementor-element-2a54f77d e-flex e-con-boxed e-con e-parent\" data-id=\"2a54f77d\" data-element_type=\"container\">\n\t\t\t\t\t<div class=\"e-con-inner\">\n\t\t\t\t<div class=\"elementor-element elementor-element-29a31f97 elementor-widget elementor-widget-text-editor\" data-id=\"29a31f97\" data-element_type=\"widget\" data-widget_type=\"text-editor.default\">\n\t\t\t\t<div class=\"elementor-widget-container\">\n\t\t\t\t\t\t\t\t\t<h3 class=\"wp-block-heading\">La di\u00e9t\u00e9tique p\u00e9diatrique<\/h3>\n<p>\u00a0<\/p>\n<p><!-- \/wp:heading --><!-- wp:paragraph --><\/p>\n<p><!-- \/wp:paragraph --><!-- wp:paragraph --><\/p>\n<p>La di\u00e9t\u00e9tique p\u00e9diatrique est une sp\u00e9cialit\u00e9 qui se concentre sur l\u2019alimentation des enfants, de la naissance \u00e0 l\u2019adolescence, pour favoriser leur croissance, leur d\u00e9veloppement et leur sant\u00e9. Elle prend en compte les besoins nutritionnels sp\u00e9cifiques \u00e0 chaque tranche d&rsquo;\u00e2ge et aux pathologies particuli\u00e8res, comme les allergies alimentaires, l\u2019ob\u00e9sit\u00e9 infantile ou les troubles du comportement alimentaire. Le di\u00e9t\u00e9ticien p\u00e9diatrique travaille en \u00e9troite collaboration avec les parents pour \u00e9laborer des repas \u00e9quilibr\u00e9s et adapt\u00e9s, tout en veillant \u00e0 instaurer de bonnes habitudes alimentaires d\u00e8s le plus jeune \u00e2ge. L\u2019objectif est de garantir un d\u00e9veloppement harmonieux tout en pr\u00e9venant les risques li\u00e9s \u00e0 une mauvaise alimentation.<\/p>\n<p><!-- \/wp:list --><\/p>\t\t\t\t\t\t\t\t<\/div>\n\t\t\t\t<\/div>\n\t\t\t\t\t<\/div>\n\t\t\t\t<\/div>\n\t\t<div class=\"elementor-element elementor-element-18d0cb36 e-flex e-con-boxed e-con e-parent\" data-id=\"18d0cb36\" data-element_type=\"container\">\n\t\t\t\t\t<div class=\"e-con-inner\">\n\t\t\t\t<div class=\"elementor-element elementor-element-4bf76ef3 elementor-widget elementor-widget-spacer\" data-id=\"4bf76ef3\" data-element_type=\"widget\" data-widget_type=\"spacer.default\">\n\t\t\t\t<div class=\"elementor-widget-container\">\n\t\t\t\t\t\t\t<div class=\"elementor-spacer\">\n\t\t\t<div class=\"elementor-spacer-inner\"><\/div>\n\t\t<\/div>\n\t\t\t\t\t\t<\/div>\n\t\t\t\t<\/div>\n\t\t\t\t\t<\/div>\n\t\t\t\t<\/div>\n\t\t<div class=\"elementor-element elementor-element-36c72ad2 e-grid e-con-full e-con e-parent\" data-id=\"36c72ad2\" data-element_type=\"container\">\n\t\t\t\t<div class=\"elementor-element elementor-element-cf69dfa elementor-widget elementor-widget-spacer\" data-id=\"cf69dfa\" data-element_type=\"widget\" data-widget_type=\"spacer.default\">\n\t\t\t\t<div class=\"elementor-widget-container\">\n\t\t\t\t\t\t\t<div class=\"elementor-spacer\">\n\t\t\t<div class=\"elementor-spacer-inner\"><\/div>\n\t\t<\/div>\n\t\t\t\t\t\t<\/div>\n\t\t\t\t<\/div>\n\t\t\t\t<div class=\"elementor-element elementor-element-ffc5240 elementor-widget elementor-widget-image\" data-id=\"ffc5240\" data-element_type=\"widget\" data-widget_type=\"image.default\">\n\t\t\t\t<div class=\"elementor-widget-container\">\n\t\t\t\t\t\t\t\t\t\t\t\t\t\t\t<img decoding=\"async\" width=\"1024\" height=\"1024\" src=\"https:\/\/lamariniere.be\/wp-content\/uploads\/2023\/07\/mariniere_blue_large-1024x1024.png\" class=\"attachment-large size-large wp-image-150\" alt=\"\" srcset=\"https:\/\/lamariniere.be\/wp-content\/uploads\/2023\/07\/mariniere_blue_large-1024x1024.png 1024w, https:\/\/lamariniere.be\/wp-content\/uploads\/2023\/07\/mariniere_blue_large-300x300.png 300w, https:\/\/lamariniere.be\/wp-content\/uploads\/2023\/07\/mariniere_blue_large-150x150.png 150w, https:\/\/lamariniere.be\/wp-content\/uploads\/2023\/07\/mariniere_blue_large-768x768.png 768w, https:\/\/lamariniere.be\/wp-content\/uploads\/2023\/07\/mariniere_blue_large-1536x1536.png 1536w, https:\/\/lamariniere.be\/wp-content\/uploads\/2023\/07\/mariniere_blue_large-2048x2048.png 2048w, https:\/\/lamariniere.be\/wp-content\/uploads\/2023\/07\/mariniere_blue_large-160x160.png 160w\" sizes=\"(max-width: 1024px) 100vw, 1024px\" \/>\t\t\t\t\t\t\t\t\t\t\t\t\t\t\t<\/div>\n\t\t\t\t<\/div>\n\t\t\t\t<div class=\"elementor-element elementor-element-aec0057 elementor-widget elementor-widget-spacer\" data-id=\"aec0057\" data-element_type=\"widget\" data-widget_type=\"spacer.default\">\n\t\t\t\t<div class=\"elementor-widget-container\">\n\t\t\t\t\t\t\t<div class=\"elementor-spacer\">\n\t\t\t<div class=\"elementor-spacer-inner\"><\/div>\n\t\t<\/div>\n\t\t\t\t\t\t<\/div>\n\t\t\t\t<\/div>\n\t\t\t\t<\/div>\n\t\t<div class=\"elementor-element elementor-element-2d05c38c e-grid e-con-boxed e-con e-parent\" data-id=\"2d05c38c\" data-element_type=\"container\">\n\t\t\t\t\t<div class=\"e-con-inner\">\n\t\t\t\t<div class=\"elementor-element elementor-element-d1ac51f elementor-widget elementor-widget-spacer\" data-id=\"d1ac51f\" data-element_type=\"widget\" data-widget_type=\"spacer.default\">\n\t\t\t\t<div class=\"elementor-widget-container\">\n\t\t\t\t\t\t\t<div class=\"elementor-spacer\">\n\t\t\t<div class=\"elementor-spacer-inner\"><\/div>\n\t\t<\/div>\n\t\t\t\t\t\t<\/div>\n\t\t\t\t<\/div>\n\t\t\t\t<div class=\"elementor-element elementor-element-5cfdebb elementor-widget elementor-widget-text-editor\" data-id=\"5cfdebb\" data-element_type=\"widget\" data-widget_type=\"text-editor.default\">\n\t\t\t\t<div class=\"elementor-widget-container\">\n\t\t\t\t\t\t\t\t\t<p><a href=\"https:\/\/lamariniere.be\/index.php\/poste-a-pourvoir\/\">\u00a0Poste \u00e0 pourvoir<\/a><\/p>\t\t\t\t\t\t\t\t<\/div>\n\t\t\t\t<\/div>\n\t\t\t\t<div class=\"elementor-element elementor-element-a7392aa elementor-widget elementor-widget-spacer\" data-id=\"a7392aa\" data-element_type=\"widget\" data-widget_type=\"spacer.default\">\n\t\t\t\t<div class=\"elementor-widget-container\">\n\t\t\t\t\t\t\t<div class=\"elementor-spacer\">\n\t\t\t<div class=\"elementor-spacer-inner\"><\/div>\n\t\t<\/div>\n\t\t\t\t\t\t<\/div>\n\t\t\t\t<\/div>\n\t\t\t\t\t<\/div>\n\t\t\t\t<\/div>\n\t\t<div class=\"elementor-element elementor-element-47b06730 e-grid e-con-boxed e-con e-parent\" data-id=\"47b06730\" data-element_type=\"container\">\n\t\t\t\t\t<div class=\"e-con-inner\">\n\t\t\t\t<div class=\"elementor-element elementor-element-1177d03 elementor-widget elementor-widget-spacer\" data-id=\"1177d03\" data-element_type=\"widget\" data-widget_type=\"spacer.default\">\n\t\t\t\t<div class=\"elementor-widget-container\">\n\t\t\t\t\t\t\t<div class=\"elementor-spacer\">\n\t\t\t<div class=\"elementor-spacer-inner\"><\/div>\n\t\t<\/div>\n\t\t\t\t\t\t<\/div>\n\t\t\t\t<\/div>\n\t\t\t\t<div class=\"elementor-element elementor-element-70a4c20c elementor-align-center elementor-widget elementor-widget-button\" data-id=\"70a4c20c\" data-element_type=\"widget\" data-widget_type=\"button.default\">\n\t\t\t\t<div class=\"elementor-widget-container\">\n\t\t\t\t\t\t\t\t\t<div class=\"elementor-button-wrapper\">\n\t\t\t\t\t<a class=\"elementor-button elementor-button-link elementor-size-sm\" href=\"https:\/\/lamariniere.be\/index.php\/poste-a-pourvoir\/\">\n\t\t\t\t\t\t<span class=\"elementor-button-content-wrapper\">\n\t\t\t\t\t\t\t\t\t<span class=\"elementor-button-text\">Cliquez ici<\/span>\n\t\t\t\t\t<\/span>\n\t\t\t\t\t<\/a>\n\t\t\t\t<\/div>\n\t\t\t\t\t\t\t\t<\/div>\n\t\t\t\t<\/div>\n\t\t\t\t<div class=\"elementor-element elementor-element-8a1191c elementor-widget elementor-widget-spacer\" data-id=\"8a1191c\" data-element_type=\"widget\" data-widget_type=\"spacer.default\">\n\t\t\t\t<div class=\"elementor-widget-container\">\n\t\t\t\t\t\t\t<div class=\"elementor-spacer\">\n\t\t\t<div class=\"elementor-spacer-inner\"><\/div>\n\t\t<\/div>\n\t\t\t\t\t\t<\/div>\n\t\t\t\t<\/div>\n\t\t\t\t\t<\/div>\n\t\t\t\t<\/div>\n\t\t<div class=\"elementor-element elementor-element-5180e17d e-flex e-con-boxed e-con e-parent\" data-id=\"5180e17d\" data-element_type=\"container\">\n\t\t\t\t\t<div class=\"e-con-inner\">\n\t\t\t\t<div class=\"elementor-element elementor-element-39c792df elementor-widget elementor-widget-spacer\" data-id=\"39c792df\" data-element_type=\"widget\" data-widget_type=\"spacer.default\">\n\t\t\t\t<div class=\"elementor-widget-container\">\n\t\t\t\t\t\t\t<div class=\"elementor-spacer\">\n\t\t\t<div class=\"elementor-spacer-inner\"><\/div>\n\t\t<\/div>\n\t\t\t\t\t\t<\/div>\n\t\t\t\t<\/div>\n\t\t\t\t\t<\/div>\n\t\t\t\t<\/div>\n\t\t\t\t<\/div>\n\t\t","protected":false},"excerpt":{"rendered":"<p>La di\u00e9t\u00e9tique A l&rsquo;Espace Sant\u00e9 La Marini\u00e8re, vous pouvez trouver de la di\u00e9t\u00e9tique g\u00e9n\u00e9rale et p\u00e9diatrique\u00a0 La di\u00e9t\u00e9tique g\u00e9n\u00e9rale \u00a0 La di\u00e9t\u00e9tique est une discipline qui vise \u00e0 promouvoir une alimentation \u00e9quilibr\u00e9e et adapt\u00e9e aux besoins sp\u00e9cifiques de chaque individu. Elle joue un r\u00f4le cl\u00e9 dans la pr\u00e9vention et la gestion de nombreuses pathologies, telles [&hellip;]<\/p>\n","protected":false},"author":3,"featured_media":0,"parent":0,"menu_order":0,"comment_status":"closed","ping_status":"closed","template":"","meta":{"footnotes":""},"class_list":["post-648","page","type-page","status-publish","hentry"],"_links":{"self":[{"href":"https:\/\/lamariniere.be\/index.php\/wp-json\/wp\/v2\/pages\/648","targetHints":{"allow":["GET"]}}],"collection":[{"href":"https:\/\/lamariniere.be\/index.php\/wp-json\/wp\/v2\/pages"}],"about":[{"href":"https:\/\/lamariniere.be\/index.php\/wp-json\/wp\/v2\/types\/page"}],"author":[{"embeddable":true,"href":"https:\/\/lamariniere.be\/index.php\/wp-json\/wp\/v2\/users\/3"}],"replies":[{"embeddable":true,"href":"https:\/\/lamariniere.be\/index.php\/wp-json\/wp\/v2\/comments?post=648"}],"version-history":[{"count":13,"href":"https:\/\/lamariniere.be\/index.php\/wp-json\/wp\/v2\/pages\/648\/revisions"}],"predecessor-version":[{"id":1228,"href":"https:\/\/lamariniere.be\/index.php\/wp-json\/wp\/v2\/pages\/648\/revisions\/1228"}],"wp:attachment":[{"href":"https:\/\/lamariniere.be\/index.php\/wp-json\/wp\/v2\/media?parent=648"}],"curies":[{"name":"wp","href":"https:\/\/api.w.org\/{rel}","templated":true}]}}