{"id":871,"date":"2025-03-16T22:50:41","date_gmt":"2025-03-16T21:50:41","guid":{"rendered":"https:\/\/lamariniere.be\/?page_id=871"},"modified":"2026-01-09T08:20:09","modified_gmt":"2026-01-09T07:20:09","slug":"presences-2","status":"publish","type":"page","link":"https:\/\/lamariniere.be\/index.php\/presences-2\/","title":{"rendered":"Pr\u00e9sences"},"content":{"rendered":"\t\t<div data-elementor-type=\"wp-page\" data-elementor-id=\"871\" class=\"elementor elementor-871\">\n\t\t\t\t<div class=\"elementor-element elementor-element-2b7d8a7 e-con-full e-flex e-con e-parent\" data-id=\"2b7d8a7\" data-element_type=\"container\">\n\t\t\t\t<div class=\"elementor-element elementor-element-d517df1 elementor-widget elementor-widget-spacer\" data-id=\"d517df1\" data-element_type=\"widget\" data-widget_type=\"spacer.default\">\n\t\t\t\t<div class=\"elementor-widget-container\">\n\t\t\t\t\t\t\t<div class=\"elementor-spacer\">\n\t\t\t<div class=\"elementor-spacer-inner\"><\/div>\n\t\t<\/div>\n\t\t\t\t\t\t<\/div>\n\t\t\t\t<\/div>\n\t\t\t\t<div class=\"elementor-element elementor-element-c6d047c elementor-widget elementor-widget-heading\" data-id=\"c6d047c\" data-element_type=\"widget\" data-widget_type=\"heading.default\">\n\t\t\t\t<div class=\"elementor-widget-container\">\n\t\t\t\t\t<h2 class=\"elementor-heading-title elementor-size-default\">Pr\u00e9sences et permanences<\/h2>\t\t\t\t<\/div>\n\t\t\t\t<\/div>\n\t\t\t\t<div class=\"elementor-element elementor-element-6cf1ff4 elementor-widget elementor-widget-spacer\" data-id=\"6cf1ff4\" data-element_type=\"widget\" data-widget_type=\"spacer.default\">\n\t\t\t\t<div class=\"elementor-widget-container\">\n\t\t\t\t\t\t\t<div class=\"elementor-spacer\">\n\t\t\t<div class=\"elementor-spacer-inner\"><\/div>\n\t\t<\/div>\n\t\t\t\t\t\t<\/div>\n\t\t\t\t<\/div>\n\t\t\t\t<div class=\"elementor-element elementor-element-32134dd elementor-widget elementor-widget-text-editor\" data-id=\"32134dd\" data-element_type=\"widget\" data-widget_type=\"text-editor.default\">\n\t\t\t\t<div class=\"elementor-widget-container\">\n\t\t\t\t\t\t\t\t\t<h4><span style=\"text-decoration: underline;\">Kin\u00e9sith\u00e9rapeutes<\/span><\/h4>\t\t\t\t\t\t\t\t<\/div>\n\t\t\t\t<\/div>\n\t\t\t\t<div class=\"elementor-element elementor-element-b435335 elementor-widget elementor-widget-image\" data-id=\"b435335\" data-element_type=\"widget\" data-widget_type=\"image.default\">\n\t\t\t\t<div class=\"elementor-widget-container\">\n\t\t\t\t\t\t\t\t\t\t\t\t\t\t\t<img fetchpriority=\"high\" decoding=\"async\" width=\"884\" height=\"470\" src=\"https:\/\/lamariniere.be\/wp-content\/uploads\/2025\/09\/Modern-Blue-White-Comparison-Table-Chart-Graph-e1757421057901.png\" class=\"attachment-large size-large wp-image-1230\" alt=\"\" srcset=\"https:\/\/lamariniere.be\/wp-content\/uploads\/2025\/09\/Modern-Blue-White-Comparison-Table-Chart-Graph-e1757421057901.png 884w, https:\/\/lamariniere.be\/wp-content\/uploads\/2025\/09\/Modern-Blue-White-Comparison-Table-Chart-Graph-e1757421057901-300x160.png 300w, https:\/\/lamariniere.be\/wp-content\/uploads\/2025\/09\/Modern-Blue-White-Comparison-Table-Chart-Graph-e1757421057901-768x408.png 768w\" sizes=\"(max-width: 884px) 100vw, 884px\" \/>\t\t\t\t\t\t\t\t\t\t\t\t\t\t\t<\/div>\n\t\t\t\t<\/div>\n\t\t\t\t<div class=\"elementor-element elementor-element-a953b14 elementor-widget elementor-widget-spacer\" data-id=\"a953b14\" data-element_type=\"widget\" data-widget_type=\"spacer.default\">\n\t\t\t\t<div class=\"elementor-widget-container\">\n\t\t\t\t\t\t\t<div class=\"elementor-spacer\">\n\t\t\t<div class=\"elementor-spacer-inner\"><\/div>\n\t\t<\/div>\n\t\t\t\t\t\t<\/div>\n\t\t\t\t<\/div>\n\t\t\t\t<div class=\"elementor-element elementor-element-7cd0d43 elementor-widget elementor-widget-text-editor\" data-id=\"7cd0d43\" data-element_type=\"widget\" data-widget_type=\"text-editor.default\">\n\t\t\t\t<div class=\"elementor-widget-container\">\n\t\t\t\t\t\t\t\t\t<h4><span style=\"text-decoration: underline;\">Sage-femme<\/span><\/h4>\t\t\t\t\t\t\t\t<\/div>\n\t\t\t\t<\/div>\n\t\t\t\t<div class=\"elementor-element elementor-element-fbed986 elementor-widget elementor-widget-image\" data-id=\"fbed986\" data-element_type=\"widget\" data-widget_type=\"image.default\">\n\t\t\t\t<div class=\"elementor-widget-container\">\n\t\t\t\t\t\t\t\t\t\t\t\t\t\t\t<img decoding=\"async\" width=\"884\" height=\"170\" src=\"https:\/\/lamariniere.be\/wp-content\/uploads\/2026\/01\/3-e1767943033955.png\" class=\"attachment-large size-large wp-image-1261\" alt=\"\" srcset=\"https:\/\/lamariniere.be\/wp-content\/uploads\/2026\/01\/3-e1767943033955.png 884w, https:\/\/lamariniere.be\/wp-content\/uploads\/2026\/01\/3-e1767943033955-300x58.png 300w, https:\/\/lamariniere.be\/wp-content\/uploads\/2026\/01\/3-e1767943033955-768x148.png 768w\" sizes=\"(max-width: 884px) 100vw, 884px\" \/>\t\t\t\t\t\t\t\t\t\t\t\t\t\t\t<\/div>\n\t\t\t\t<\/div>\n\t\t\t\t<div class=\"elementor-element elementor-element-8936108 elementor-widget elementor-widget-text-editor\" data-id=\"8936108\" data-element_type=\"widget\" data-widget_type=\"text-editor.default\">\n\t\t\t\t<div class=\"elementor-widget-container\">\n\t\t\t\t\t\t\t\t\t<h4><span style=\"text-decoration: underline;\">Psychomotriciennes<\/span><\/h4>\t\t\t\t\t\t\t\t<\/div>\n\t\t\t\t<\/div>\n\t\t\t\t<div class=\"elementor-element elementor-element-6d8d299 elementor-widget elementor-widget-image\" data-id=\"6d8d299\" data-element_type=\"widget\" data-widget_type=\"image.default\">\n\t\t\t\t<div class=\"elementor-widget-container\">\n\t\t\t\t\t\t\t\t\t\t\t\t\t\t\t<img decoding=\"async\" width=\"882\" height=\"176\" src=\"https:\/\/lamariniere.be\/wp-content\/uploads\/2026\/01\/4-e1767942831392.png\" class=\"attachment-large size-large wp-image-1262\" alt=\"\" srcset=\"https:\/\/lamariniere.be\/wp-content\/uploads\/2026\/01\/4-e1767942831392.png 882w, https:\/\/lamariniere.be\/wp-content\/uploads\/2026\/01\/4-e1767942831392-300x60.png 300w, https:\/\/lamariniere.be\/wp-content\/uploads\/2026\/01\/4-e1767942831392-768x153.png 768w\" sizes=\"(max-width: 882px) 100vw, 882px\" \/>\t\t\t\t\t\t\t\t\t\t\t\t\t\t\t<\/div>\n\t\t\t\t<\/div>\n\t\t\t\t<div class=\"elementor-element elementor-element-2cab575 elementor-widget elementor-widget-text-editor\" data-id=\"2cab575\" data-element_type=\"widget\" data-widget_type=\"text-editor.default\">\n\t\t\t\t<div class=\"elementor-widget-container\">\n\t\t\t\t\t\t\t\t\t<h4><span style=\"text-decoration: underline;\">Psychologues<\/span><\/h4>\t\t\t\t\t\t\t\t<\/div>\n\t\t\t\t<\/div>\n\t\t\t\t<div class=\"elementor-element elementor-element-bd4c4b6 elementor-widget elementor-widget-image\" data-id=\"bd4c4b6\" data-element_type=\"widget\" data-widget_type=\"image.default\">\n\t\t\t\t<div class=\"elementor-widget-container\">\n\t\t\t\t\t\t\t\t\t\t\t\t\t\t\t<img loading=\"lazy\" decoding=\"async\" width=\"880\" height=\"390\" src=\"https:\/\/lamariniere.be\/wp-content\/uploads\/2025\/09\/Modern-Blue-White-Comparison-Table-Chart-Graph-3-e1757421759658.png\" class=\"attachment-large size-large wp-image-1237\" alt=\"\" srcset=\"https:\/\/lamariniere.be\/wp-content\/uploads\/2025\/09\/Modern-Blue-White-Comparison-Table-Chart-Graph-3-e1757421759658.png 880w, https:\/\/lamariniere.be\/wp-content\/uploads\/2025\/09\/Modern-Blue-White-Comparison-Table-Chart-Graph-3-e1757421759658-300x133.png 300w, https:\/\/lamariniere.be\/wp-content\/uploads\/2025\/09\/Modern-Blue-White-Comparison-Table-Chart-Graph-3-e1757421759658-768x340.png 768w\" sizes=\"(max-width: 880px) 100vw, 880px\" \/>\t\t\t\t\t\t\t\t\t\t\t\t\t\t\t<\/div>\n\t\t\t\t<\/div>\n\t\t\t\t<div class=\"elementor-element elementor-element-da0e348 elementor-widget elementor-widget-spacer\" data-id=\"da0e348\" data-element_type=\"widget\" data-widget_type=\"spacer.default\">\n\t\t\t\t<div class=\"elementor-widget-container\">\n\t\t\t\t\t\t\t<div class=\"elementor-spacer\">\n\t\t\t<div class=\"elementor-spacer-inner\"><\/div>\n\t\t<\/div>\n\t\t\t\t\t\t<\/div>\n\t\t\t\t<\/div>\n\t\t\t\t<div class=\"elementor-element elementor-element-e454258 elementor-widget elementor-widget-text-editor\" data-id=\"e454258\" data-element_type=\"widget\" data-widget_type=\"text-editor.default\">\n\t\t\t\t<div class=\"elementor-widget-container\">\n\t\t\t\t\t\t\t\t\t<h4><span style=\"text-decoration: underline;\">Ergoth\u00e9rapeute<\/span><\/h4>\t\t\t\t\t\t\t\t<\/div>\n\t\t\t\t<\/div>\n\t\t\t\t<div class=\"elementor-element elementor-element-7b2dea5 elementor-widget elementor-widget-image\" data-id=\"7b2dea5\" data-element_type=\"widget\" data-widget_type=\"image.default\">\n\t\t\t\t<div class=\"elementor-widget-container\">\n\t\t\t\t\t\t\t\t\t\t\t\t\t\t\t<img loading=\"lazy\" decoding=\"async\" width=\"880\" height=\"166\" src=\"https:\/\/lamariniere.be\/wp-content\/uploads\/2025\/09\/Modern-Blue-White-Comparison-Table-Chart-Graph-4-e1757421923539.png\" class=\"attachment-large size-large wp-image-1238\" alt=\"\" srcset=\"https:\/\/lamariniere.be\/wp-content\/uploads\/2025\/09\/Modern-Blue-White-Comparison-Table-Chart-Graph-4-e1757421923539.png 880w, https:\/\/lamariniere.be\/wp-content\/uploads\/2025\/09\/Modern-Blue-White-Comparison-Table-Chart-Graph-4-e1757421923539-300x57.png 300w, https:\/\/lamariniere.be\/wp-content\/uploads\/2025\/09\/Modern-Blue-White-Comparison-Table-Chart-Graph-4-e1757421923539-768x145.png 768w\" sizes=\"(max-width: 880px) 100vw, 880px\" \/>\t\t\t\t\t\t\t\t\t\t\t\t\t\t\t<\/div>\n\t\t\t\t<\/div>\n\t\t\t\t<div class=\"elementor-element elementor-element-4e05d1c elementor-widget elementor-widget-spacer\" data-id=\"4e05d1c\" data-element_type=\"widget\" data-widget_type=\"spacer.default\">\n\t\t\t\t<div class=\"elementor-widget-container\">\n\t\t\t\t\t\t\t<div class=\"elementor-spacer\">\n\t\t\t<div class=\"elementor-spacer-inner\"><\/div>\n\t\t<\/div>\n\t\t\t\t\t\t<\/div>\n\t\t\t\t<\/div>\n\t\t\t\t<div class=\"elementor-element elementor-element-9080fd1 elementor-widget elementor-widget-text-editor\" data-id=\"9080fd1\" data-element_type=\"widget\" data-widget_type=\"text-editor.default\">\n\t\t\t\t<div class=\"elementor-widget-container\">\n\t\t\t\t\t\t\t\t\t<h4><span style=\"text-decoration: underline;\">Logop\u00e8de<\/span><\/h4>\t\t\t\t\t\t\t\t<\/div>\n\t\t\t\t<\/div>\n\t\t\t\t<div class=\"elementor-element elementor-element-142a15e elementor-widget elementor-widget-image\" data-id=\"142a15e\" data-element_type=\"widget\" data-widget_type=\"image.default\">\n\t\t\t\t<div class=\"elementor-widget-container\">\n\t\t\t\t\t\t\t\t\t\t\t\t\t\t\t<img loading=\"lazy\" decoding=\"async\" width=\"880\" height=\"167\" src=\"https:\/\/lamariniere.be\/wp-content\/uploads\/2025\/09\/Modern-Blue-White-Comparison-Table-Chart-Graph-5-e1757422041208.png\" class=\"attachment-large size-large wp-image-1239\" alt=\"\" srcset=\"https:\/\/lamariniere.be\/wp-content\/uploads\/2025\/09\/Modern-Blue-White-Comparison-Table-Chart-Graph-5-e1757422041208.png 880w, https:\/\/lamariniere.be\/wp-content\/uploads\/2025\/09\/Modern-Blue-White-Comparison-Table-Chart-Graph-5-e1757422041208-300x57.png 300w, https:\/\/lamariniere.be\/wp-content\/uploads\/2025\/09\/Modern-Blue-White-Comparison-Table-Chart-Graph-5-e1757422041208-768x146.png 768w\" sizes=\"(max-width: 880px) 100vw, 880px\" \/>\t\t\t\t\t\t\t\t\t\t\t\t\t\t\t<\/div>\n\t\t\t\t<\/div>\n\t\t\t\t<\/div>\n\t\t\t\t<\/div>\n\t\t","protected":false},"excerpt":{"rendered":"<p>Pr\u00e9sences et permanences Kin\u00e9sith\u00e9rapeutes Sage-femme Psychomotriciennes Psychologues Ergoth\u00e9rapeute Logop\u00e8de<\/p>\n","protected":false},"author":3,"featured_media":0,"parent":0,"menu_order":0,"comment_status":"closed","ping_status":"closed","template":"","meta":{"footnotes":""},"class_list":["post-871","page","type-page","status-publish","hentry"],"_links":{"self":[{"href":"https:\/\/lamariniere.be\/index.php\/wp-json\/wp\/v2\/pages\/871","targetHints":{"allow":["GET"]}}],"collection":[{"href":"https:\/\/lamariniere.be\/index.php\/wp-json\/wp\/v2\/pages"}],"about":[{"href":"https:\/\/lamariniere.be\/index.php\/wp-json\/wp\/v2\/types\/page"}],"author":[{"embeddable":true,"href":"https:\/\/lamariniere.be\/index.php\/wp-json\/wp\/v2\/users\/3"}],"replies":[{"embeddable":true,"href":"https:\/\/lamariniere.be\/index.php\/wp-json\/wp\/v2\/comments?post=871"}],"version-history":[{"count":40,"href":"https:\/\/lamariniere.be\/index.php\/wp-json\/wp\/v2\/pages\/871\/revisions"}],"predecessor-version":[{"id":1268,"href":"https:\/\/lamariniere.be\/index.php\/wp-json\/wp\/v2\/pages\/871\/revisions\/1268"}],"wp:attachment":[{"href":"https:\/\/lamariniere.be\/index.php\/wp-json\/wp\/v2\/media?parent=871"}],"curies":[{"name":"wp","href":"https:\/\/api.w.org\/{rel}","templated":true}]}}